{"id":38635,"date":"2023-08-22T15:31:12","date_gmt":"2023-08-22T15:31:12","guid":{"rendered":"https:\/\/kristimermer.com\/chi-siamo\/"},"modified":"2025-04-22T15:53:04","modified_gmt":"2025-04-22T15:53:04","slug":"chi-siamo","status":"publish","type":"page","link":"https:\/\/kristimermer.com\/it\/chi-siamo\/","title":{"rendered":"Chi siamo"},"content":{"rendered":"\t\t<div data-elementor-type=\"wp-page\" data-elementor-id=\"38635\" class=\"elementor elementor-38635 elementor-32384\" data-elementor-post-type=\"page\">\n\t\t\t\t\t\t<section class=\"elementor-section elementor-top-section elementor-element elementor-element-6379d8a elementor-section-boxed elementor-section-height-default elementor-section-height-default sc_fly_static\" data-id=\"6379d8a\" data-element_type=\"section\">\n\t\t\t\t\t\t<div class=\"elementor-container elementor-column-gap-extended\">\n\t\t\t\t\t<div class=\"elementor-column elementor-col-100 elementor-top-column elementor-element elementor-element-752510a sc_content_align_inherit sc_layouts_column_icons_position_left sc_fly_static\" data-id=\"752510a\" data-element_type=\"column\">\n\t\t\t<div class=\"elementor-widget-wrap elementor-element-populated\">\n\t\t\t\t\t\t<div class=\"elementor-element elementor-element-f8830dd sc_height_huge sc_fly_static elementor-widget elementor-widget-spacer\" data-id=\"f8830dd\" data-element_type=\"widget\" data-widget_type=\"spacer.default\">\n\t\t\t\t<div class=\"elementor-widget-container\">\n\t\t\t\t\t\t\t<div class=\"elementor-spacer\">\n\t\t\t<div class=\"elementor-spacer-inner\"><\/div>\n\t\t<\/div>\n\t\t\t\t\t\t<\/div>\n\t\t\t\t<\/div>\n\t\t\t\t\t<\/div>\n\t\t<\/div>\n\t\t\t\t\t<\/div>\n\t\t<\/section>\n\t\t\t\t<section class=\"elementor-section elementor-top-section elementor-element elementor-element-47a27ef1 elementor-section-boxed elementor-section-height-default elementor-section-height-default sc_fly_static\" data-id=\"47a27ef1\" data-element_type=\"section\">\n\t\t\t\t\t\t<div class=\"elementor-container elementor-column-gap-extended\">\n\t\t\t\t\t<div class=\"elementor-column elementor-col-50 elementor-top-column elementor-element elementor-element-4c724ecf sc_content_align_inherit sc_layouts_column_icons_position_left sc_fly_static\" data-id=\"4c724ecf\" data-element_type=\"column\">\n\t\t\t<div class=\"elementor-widget-wrap elementor-element-populated\">\n\t\t\t\t\t\t<section class=\"elementor-section elementor-inner-section elementor-element elementor-element-2974f4cd elementor-section-boxed elementor-section-height-default elementor-section-height-default sc_fly_static\" data-id=\"2974f4cd\" data-element_type=\"section\">\n\t\t\t\t\t\t<div class=\"elementor-container elementor-column-gap-no\">\n\t\t\t\t\t<div class=\"elementor-column elementor-col-100 elementor-inner-column elementor-element elementor-element-7c0ab190 sc_content_align_inherit sc_layouts_column_icons_position_left sc_fly_static\" data-id=\"7c0ab190\" data-element_type=\"column\">\n\t\t\t<div class=\"elementor-widget-wrap elementor-element-populated\">\n\t\t\t\t\t\t<div class=\"elementor-element elementor-element-3ed63b93 no-title sc_fly_static elementor-widget elementor-widget-image\" data-id=\"3ed63b93\" data-element_type=\"widget\" data-widget_type=\"image.default\">\n\t\t\t\t<div class=\"elementor-widget-container\">\n\t\t\t\t\t\t\t\t\t\t\t\t\t\t\t<img decoding=\"async\" src=\"https:\/\/kristimermer.com\/wp-content\/uploads\/elementor\/thumbs\/red-cracked-marble-textured-background-qy9tpfq6rl52ghsa3fa37h6vtgbixm4ppq3cbv29uu.jpg\" title=\"red-cracked-marble-textured-background\" alt=\"red-cracked-marble-textured-background\" loading=\"lazy\" \/>\t\t\t\t\t\t\t\t\t\t\t\t\t\t\t<\/div>\n\t\t\t\t<\/div>\n\t\t\t\t\t<\/div>\n\t\t<\/div>\n\t\t\t\t\t<\/div>\n\t\t<\/section>\n\t\t\t\t\t<\/div>\n\t\t<\/div>\n\t\t\t\t<div class=\"elementor-column elementor-col-50 elementor-top-column elementor-element elementor-element-51e948b8 sc_content_align_inherit sc_layouts_column_icons_position_left sc_fly_static\" data-id=\"51e948b8\" data-element_type=\"column\">\n\t\t\t<div class=\"elementor-widget-wrap elementor-element-populated\">\n\t\t\t\t\t\t<div class=\"elementor-element elementor-element-50b97707 sc_fly_static elementor-widget elementor-widget-trx_sc_title\" data-id=\"50b97707\" data-element_type=\"widget\" data-widget_type=\"trx_sc_title.default\">\n\t\t\t\t<div class=\"elementor-widget-container\">\n\t\t\t\t\t<div\t\tclass=\"sc_title color_style_link3 sc_title_default\" ><span class=\"sc_item_subtitle sc_title_subtitle sc_item_subtitle_above sc_item_title_style_default\">KRISTI MERMER<\/span><h1 class=\"sc_item_title sc_title_title sc_item_title_style_default sc_item_title_tag\"\n\t\t\t><span class=\"sc_item_title_text\">Design moderni, comfort senza tempo<\/span><\/h1><div class=\"sc_item_descr sc_title_descr sc_item_descr_with_custom_color trx_addons_inline_1928324868\"><p>Da quando siamo nati nel 2000, Kristi Mermer si \u00e8 dedicata a creare produzioni in pietra eccezionali che ridefiniscono l'eleganza. Specializzati in marmo, quarzo, travertino e onice, uniamo l'artigianato tradizionale con la tecnologia innovativa per trasformare la pietra grezza in capolavori mozzafiato per spazi sia residenziali che commerciali. <\/p>\n<p>Il nostro team di artigiani e designer esperti \u00e8 appassionato di ogni progetto, assicurando che ogni creazione rifletta il nostro impegno incrollabile per la qualit\u00e0, la durabilit\u00e0 e la bellezza senza tempo. Nel corso degli anni, ci siamo costruiti una reputazione come partner affidabile nel settore del marmo, fornendo prodotti che non solo migliorano gli ambienti, ma si ergono anche come simboli duraturi di lusso e raffinatezza. <\/p>\n<p>Da Kristi MERMER, crediamo che la pietra naturale porti con s\u00e9 una storia unica - una storia di forza, bellezza e patrimonio. Ti invitiamo a esplorare il nostro portfolio e scoprire come le nostre creazioni possono elevare il tuo spazio, fondendo il patrimonio con il design moderno per un'esperienza davvero eccezionale. <\/p>\n<\/div><\/div>\t\t\t\t<\/div>\n\t\t\t\t<\/div>\n\t\t\t\t\t<\/div>\n\t\t<\/div>\n\t\t\t\t\t<\/div>\n\t\t<\/section>\n\t\t\t\t<section class=\"elementor-section elementor-top-section elementor-element elementor-element-21f7e67 elementor-section-boxed elementor-section-height-default elementor-section-height-default sc_fly_static\" data-id=\"21f7e67\" data-element_type=\"section\">\n\t\t\t\t\t\t<div class=\"elementor-container elementor-column-gap-extended\">\n\t\t\t\t\t<div class=\"elementor-column elementor-col-50 elementor-top-column elementor-element elementor-element-769e5c2 sc_content_align_inherit sc_layouts_column_icons_position_left sc_fly_static\" data-id=\"769e5c2\" data-element_type=\"column\">\n\t\t\t<div class=\"elementor-widget-wrap elementor-element-populated\">\n\t\t\t\t\t\t<section class=\"elementor-section elementor-inner-section elementor-element elementor-element-c323452 elementor-section-boxed elementor-section-height-default elementor-section-height-default sc_fly_static\" data-id=\"c323452\" data-element_type=\"section\">\n\t\t\t\t\t\t<div class=\"elementor-container elementor-column-gap-no\">\n\t\t\t\t\t<div class=\"elementor-column elementor-col-100 elementor-inner-column elementor-element elementor-element-0296716 sc_content_align_inherit sc_layouts_column_icons_position_left sc_fly_static\" data-id=\"0296716\" data-element_type=\"column\">\n\t\t\t<div class=\"elementor-widget-wrap elementor-element-populated\">\n\t\t\t\t\t\t<div class=\"elementor-element elementor-element-f702780 sc_fly_static elementor-widget elementor-widget-heading\" data-id=\"f702780\" data-element_type=\"widget\" data-widget_type=\"heading.default\">\n\t\t\t\t<div class=\"elementor-widget-container\">\n\t\t\t\t\t<h2 class=\"elementor-heading-title elementor-size-default\">Missione<\/h2>\t\t\t\t<\/div>\n\t\t\t\t<\/div>\n\t\t\t\t<div class=\"elementor-element elementor-element-b5c8fcc sc_fly_static elementor-widget elementor-widget-text-editor\" data-id=\"b5c8fcc\" data-element_type=\"widget\" data-widget_type=\"text-editor.default\">\n\t\t\t\t<div class=\"elementor-widget-container\">\n\t\t\t\t\t\t\t\t\t<p class=\"\" data-start=\"1187\" data-end=\"1418\">Realizzare prodotti in pietra naturale d\u2019eccellenza, unendo la maestria artigianale tradizionale con l\u2019innovazione moderna, per valorizzare spazi residenziali e commerciali con eleganza, qualit\u00e0 e bellezza duratura.<\/p>\t\t\t\t\t\t\t\t<\/div>\n\t\t\t\t<\/div>\n\t\t\t\t\t<\/div>\n\t\t<\/div>\n\t\t\t\t\t<\/div>\n\t\t<\/section>\n\t\t\t\t<section class=\"elementor-section elementor-inner-section elementor-element elementor-element-9fada5d elementor-section-boxed elementor-section-height-default elementor-section-height-default sc_fly_static\" data-id=\"9fada5d\" data-element_type=\"section\">\n\t\t\t\t\t\t<div class=\"elementor-container elementor-column-gap-no\">\n\t\t\t\t\t<div class=\"elementor-column elementor-col-100 elementor-inner-column elementor-element elementor-element-332c01c sc_content_align_inherit sc_layouts_column_icons_position_left sc_fly_static\" data-id=\"332c01c\" data-element_type=\"column\">\n\t\t\t<div class=\"elementor-widget-wrap elementor-element-populated\">\n\t\t\t\t\t\t<div class=\"elementor-element elementor-element-c2e488d sc_fly_static elementor-widget elementor-widget-heading\" data-id=\"c2e488d\" data-element_type=\"widget\" data-widget_type=\"heading.default\">\n\t\t\t\t<div class=\"elementor-widget-container\">\n\t\t\t\t\t<h2 class=\"elementor-heading-title elementor-size-default\">Visione<\/h2>\t\t\t\t<\/div>\n\t\t\t\t<\/div>\n\t\t\t\t<div class=\"elementor-element elementor-element-61ce632 sc_fly_static elementor-widget elementor-widget-text-editor\" data-id=\"61ce632\" data-element_type=\"widget\" data-widget_type=\"text-editor.default\">\n\t\t\t\t<div class=\"elementor-widget-container\">\n\t\t\t\t\t\t\t\t\t<p class=\"\" data-start=\"1420\" data-end=\"1698\">Essere un punto di riferimento nel settore della pietra naturale, riconosciuti per l\u2019impegno verso l\u2019arte, la resistenza e il design senza tempo \u2014 trasformando la materia grezza in esperienze raffinate che celebrano la tradizione e ispirano la vita contemporanea.<\/p>\t\t\t\t\t\t\t\t<\/div>\n\t\t\t\t<\/div>\n\t\t\t\t\t<\/div>\n\t\t<\/div>\n\t\t\t\t\t<\/div>\n\t\t<\/section>\n\t\t\t\t\t<\/div>\n\t\t<\/div>\n\t\t\t\t<div class=\"elementor-column elementor-col-50 elementor-top-column elementor-element elementor-element-f6b9d2a sc_content_align_inherit sc_layouts_column_icons_position_left sc_fly_static\" data-id=\"f6b9d2a\" data-element_type=\"column\">\n\t\t\t<div class=\"elementor-widget-wrap elementor-element-populated\">\n\t\t\t\t\t\t<div class=\"elementor-element elementor-element-aa0dc53 no-title sc_fly_static elementor-widget elementor-widget-image\" data-id=\"aa0dc53\" data-element_type=\"widget\" data-widget_type=\"image.default\">\n\t\t\t\t<div class=\"elementor-widget-container\">\n\t\t\t\t\t\t\t\t\t\t\t\t\t\t\t<img decoding=\"async\" src=\"https:\/\/kristimermer.com\/wp-content\/uploads\/elementor\/thumbs\/colorful-vertical-slabs-marble-1-scaled-qy9tqdkexv26e713py229e8jvd8ld30ctjcmkjs21g.jpg\" title=\"Colorful vertical slabs of marble\" alt=\"Colorful vertical slabs of marble\" loading=\"lazy\" \/>\t\t\t\t\t\t\t\t\t\t\t\t\t\t\t<\/div>\n\t\t\t\t<\/div>\n\t\t\t\t\t<\/div>\n\t\t<\/div>\n\t\t\t\t\t<\/div>\n\t\t<\/section>\n\t\t\t\t<section class=\"elementor-section elementor-top-section elementor-element elementor-element-8ced8b0 elementor-section-boxed elementor-section-height-default elementor-section-height-default sc_fly_static\" data-id=\"8ced8b0\" data-element_type=\"section\">\n\t\t\t\t\t\t<div class=\"elementor-container elementor-column-gap-extended\">\n\t\t\t\t\t<div class=\"elementor-column elementor-col-100 elementor-top-column elementor-element elementor-element-fd2703e sc_content_align_inherit sc_layouts_column_icons_position_left sc_fly_static\" data-id=\"fd2703e\" data-element_type=\"column\">\n\t\t\t<div class=\"elementor-widget-wrap elementor-element-populated\">\n\t\t\t\t\t\t<div class=\"elementor-element elementor-element-d990bd5 sc_height_huge sc_fly_static elementor-widget elementor-widget-spacer\" data-id=\"d990bd5\" data-element_type=\"widget\" data-widget_type=\"spacer.default\">\n\t\t\t\t<div class=\"elementor-widget-container\">\n\t\t\t\t\t\t\t<div class=\"elementor-spacer\">\n\t\t\t<div class=\"elementor-spacer-inner\"><\/div>\n\t\t<\/div>\n\t\t\t\t\t\t<\/div>\n\t\t\t\t<\/div>\n\t\t\t\t\t<\/div>\n\t\t<\/div>\n\t\t\t\t\t<\/div>\n\t\t<\/section>\n\t\t\t\t<section class=\"elementor-section elementor-top-section elementor-element elementor-element-14b985b elementor-section-boxed elementor-section-height-default elementor-section-height-default sc_fly_static\" data-id=\"14b985b\" data-element_type=\"section\">\n\t\t\t\t\t\t<div class=\"elementor-container elementor-column-gap-extended\">\n\t\t\t\t\t<div class=\"elementor-column elementor-col-25 elementor-top-column elementor-element elementor-element-e852af3 sc_content_align_inherit sc_layouts_column_icons_position_left sc_fly_static\" data-id=\"e852af3\" data-element_type=\"column\">\n\t\t\t<div class=\"elementor-widget-wrap elementor-element-populated\">\n\t\t\t\t\t\t<div class=\"elementor-element elementor-element-ee9ae8c sc_fly_static elementor-widget elementor-widget-counter\" data-id=\"ee9ae8c\" data-element_type=\"widget\" data-widget_type=\"counter.default\">\n\t\t\t\t<div class=\"elementor-widget-container\">\n\t\t\t\t\t\t\t<div class=\"elementor-counter\">\n\t\t\t<div class=\"elementor-counter-title\">Anni di esperienza<\/div>\t\t\t<div class=\"elementor-counter-number-wrapper\">\n\t\t\t\t<span class=\"elementor-counter-number-prefix\">+<\/span>\n\t\t\t\t<span class=\"elementor-counter-number\" data-duration=\"2000\" data-to-value=\"24\" data-from-value=\"0\" data-delimiter=\" \">0<\/span>\n\t\t\t\t<span class=\"elementor-counter-number-suffix\"><\/span>\n\t\t\t<\/div>\n\t\t<\/div>\n\t\t\t\t\t\t<\/div>\n\t\t\t\t<\/div>\n\t\t\t\t\t<\/div>\n\t\t<\/div>\n\t\t\t\t<div class=\"elementor-column elementor-col-25 elementor-top-column elementor-element elementor-element-42905f9 sc_content_align_inherit sc_layouts_column_icons_position_left sc_fly_static\" data-id=\"42905f9\" data-element_type=\"column\">\n\t\t\t<div class=\"elementor-widget-wrap elementor-element-populated\">\n\t\t\t\t\t\t<div class=\"elementor-element elementor-element-0bc924a sc_fly_static elementor-widget elementor-widget-counter\" data-id=\"0bc924a\" data-element_type=\"widget\" data-widget_type=\"counter.default\">\n\t\t\t\t<div class=\"elementor-widget-container\">\n\t\t\t\t\t\t\t<div class=\"elementor-counter\">\n\t\t\t<div class=\"elementor-counter-title\">Progetti Completati<\/div>\t\t\t<div class=\"elementor-counter-number-wrapper\">\n\t\t\t\t<span class=\"elementor-counter-number-prefix\">+<\/span>\n\t\t\t\t<span class=\"elementor-counter-number\" data-duration=\"2000\" data-to-value=\"1000\" data-from-value=\"0\" data-delimiter=\" \">0<\/span>\n\t\t\t\t<span class=\"elementor-counter-number-suffix\"><\/span>\n\t\t\t<\/div>\n\t\t<\/div>\n\t\t\t\t\t\t<\/div>\n\t\t\t\t<\/div>\n\t\t\t\t\t<\/div>\n\t\t<\/div>\n\t\t\t\t<div class=\"elementor-column elementor-col-25 elementor-top-column elementor-element elementor-element-ad5a040 sc_content_align_inherit sc_layouts_column_icons_position_left sc_fly_static\" data-id=\"ad5a040\" data-element_type=\"column\">\n\t\t\t<div class=\"elementor-widget-wrap elementor-element-populated\">\n\t\t\t\t\t\t<div class=\"elementor-element elementor-element-db707a3 sc_fly_static elementor-widget elementor-widget-counter\" data-id=\"db707a3\" data-element_type=\"widget\" data-widget_type=\"counter.default\">\n\t\t\t\t<div class=\"elementor-widget-container\">\n\t\t\t\t\t\t\t<div class=\"elementor-counter\">\n\t\t\t<div class=\"elementor-counter-title\">Tipi di Prodotti<\/div>\t\t\t<div class=\"elementor-counter-number-wrapper\">\n\t\t\t\t<span class=\"elementor-counter-number-prefix\">+<\/span>\n\t\t\t\t<span class=\"elementor-counter-number\" data-duration=\"2000\" data-to-value=\"500\" data-from-value=\"0\" data-delimiter=\" \">0<\/span>\n\t\t\t\t<span class=\"elementor-counter-number-suffix\"><\/span>\n\t\t\t<\/div>\n\t\t<\/div>\n\t\t\t\t\t\t<\/div>\n\t\t\t\t<\/div>\n\t\t\t\t\t<\/div>\n\t\t<\/div>\n\t\t\t\t<div class=\"elementor-column elementor-col-25 elementor-top-column elementor-element elementor-element-e2f6ea9 sc_content_align_inherit sc_layouts_column_icons_position_left sc_fly_static\" data-id=\"e2f6ea9\" data-element_type=\"column\">\n\t\t\t<div class=\"elementor-widget-wrap elementor-element-populated\">\n\t\t\t\t\t\t<div class=\"elementor-element elementor-element-d0f26ea sc_fly_static elementor-widget elementor-widget-counter\" data-id=\"d0f26ea\" data-element_type=\"widget\" data-widget_type=\"counter.default\">\n\t\t\t\t<div class=\"elementor-widget-container\">\n\t\t\t\t\t\t\t<div class=\"elementor-counter\">\n\t\t\t<div class=\"elementor-counter-title\">Dipendenti<\/div>\t\t\t<div class=\"elementor-counter-number-wrapper\">\n\t\t\t\t<span class=\"elementor-counter-number-prefix\">+<\/span>\n\t\t\t\t<span class=\"elementor-counter-number\" data-duration=\"2000\" data-to-value=\"30\" data-from-value=\"0\" data-delimiter=\" \">0<\/span>\n\t\t\t\t<span class=\"elementor-counter-number-suffix\"><\/span>\n\t\t\t<\/div>\n\t\t<\/div>\n\t\t\t\t\t\t<\/div>\n\t\t\t\t<\/div>\n\t\t\t\t\t<\/div>\n\t\t<\/div>\n\t\t\t\t\t<\/div>\n\t\t<\/section>\n\t\t\t\t<\/div>\n\t\t","protected":false},"excerpt":{"rendered":"<p>KRISTI MERMER Design moderni, comfort senza tempo Da quando siamo nati nel 2000, Kristi Mermer si \u00e8 dedicata a creare produzioni in pietra eccezionali che ridefiniscono l&#8217;eleganza. Specializzati in marmo,&hellip;<\/p>\n","protected":false},"author":1,"featured_media":0,"parent":0,"menu_order":0,"comment_status":"closed","ping_status":"closed","template":"","meta":{"footnotes":""},"class_list":["post-38635","page","type-page","status-publish","hentry"],"_links":{"self":[{"href":"https:\/\/kristimermer.com\/it\/wp-json\/wp\/v2\/pages\/38635","targetHints":{"allow":["GET"]}}],"collection":[{"href":"https:\/\/kristimermer.com\/it\/wp-json\/wp\/v2\/pages"}],"about":[{"href":"https:\/\/kristimermer.com\/it\/wp-json\/wp\/v2\/types\/page"}],"author":[{"embeddable":true,"href":"https:\/\/kristimermer.com\/it\/wp-json\/wp\/v2\/users\/1"}],"replies":[{"embeddable":true,"href":"https:\/\/kristimermer.com\/it\/wp-json\/wp\/v2\/comments?post=38635"}],"version-history":[{"count":5,"href":"https:\/\/kristimermer.com\/it\/wp-json\/wp\/v2\/pages\/38635\/revisions"}],"predecessor-version":[{"id":38688,"href":"https:\/\/kristimermer.com\/it\/wp-json\/wp\/v2\/pages\/38635\/revisions\/38688"}],"wp:attachment":[{"href":"https:\/\/kristimermer.com\/it\/wp-json\/wp\/v2\/media?parent=38635"}],"curies":[{"name":"wp","href":"https:\/\/api.w.org\/{rel}","templated":true}]}}