{"id":38641,"date":"2023-08-22T15:31:35","date_gmt":"2023-08-22T15:31:35","guid":{"rendered":"https:\/\/kristimermer.com\/i-nostri-servizi\/"},"modified":"2025-04-22T15:02:03","modified_gmt":"2025-04-22T15:02:03","slug":"i-nostri-servizi","status":"publish","type":"page","link":"https:\/\/kristimermer.com\/it\/i-nostri-servizi\/","title":{"rendered":"I nostri servizi"},"content":{"rendered":"\t\t<div data-elementor-type=\"wp-page\" data-elementor-id=\"38641\" class=\"elementor elementor-38641 elementor-32386\" data-elementor-post-type=\"page\">\n\t\t\t\t\t\t<section class=\"elementor-section-with-custom-width elementor-section elementor-top-section elementor-element elementor-element-4500dca elementor-section-boxed elementor-section-height-default elementor-section-height-default sc_fly_static\" data-id=\"4500dca\" data-element_type=\"section\">\n\t\t\t\t\t\t<div class=\"elementor-container elementor-column-gap-extended\">\n\t\t\t\t\t<div class=\"elementor-column elementor-col-100 elementor-top-column elementor-element elementor-element-4f7ffa2 sc_content_align_inherit sc_layouts_column_icons_position_left sc_fly_static\" data-id=\"4f7ffa2\" data-element_type=\"column\">\n\t\t\t<div class=\"elementor-widget-wrap elementor-element-populated\">\n\t\t\t\t\t\t<div class=\"elementor-element elementor-element-674efb1 sc_fly_static elementor-widget elementor-widget-heading\" data-id=\"674efb1\" data-element_type=\"widget\" data-widget_type=\"heading.default\">\n\t\t\t\t<div class=\"elementor-widget-container\">\n\t\t\t\t\t<h2 class=\"elementor-heading-title elementor-size-default\">I nostri servizi<\/h2>\t\t\t\t<\/div>\n\t\t\t\t<\/div>\n\t\t\t\t<div class=\"elementor-element elementor-element-b83d8ab sc_fly_static elementor-widget elementor-widget-text-editor\" data-id=\"b83d8ab\" data-element_type=\"widget\" data-widget_type=\"text-editor.default\">\n\t\t\t\t<div class=\"elementor-widget-container\">\n\t\t\t\t\t\t\t\t\tNoi di Kristi Mermer offriamo un&#8217;esperienza completa ai nostri clienti, garantendo un percorso senza intoppi<br>dall&#8217;indagine all&#8217;installazione. Ecco cosa puoi aspettarti lavorando con noi:\t\t\t\t\t\t\t\t<\/div>\n\t\t\t\t<\/div>\n\t\t\t\t\t<\/div>\n\t\t<\/div>\n\t\t\t\t\t<\/div>\n\t\t<\/section>\n\t\t\t\t<section class=\"elementor-section-with-custom-width elementor-section elementor-top-section elementor-element elementor-element-3e1f558 elementor-section-boxed elementor-section-height-default elementor-section-height-default sc_fly_static\" data-id=\"3e1f558\" data-element_type=\"section\">\n\t\t\t\t\t\t<div class=\"elementor-container elementor-column-gap-default\">\n\t\t\t\t\t<div class=\"elementor-column elementor-col-66 elementor-top-column elementor-element elementor-element-666d64f sc_content_align_inherit sc_layouts_column_icons_position_left sc_fly_static\" data-id=\"666d64f\" data-element_type=\"column\">\n\t\t\t<div class=\"elementor-widget-wrap elementor-element-populated\">\n\t\t\t\t\t\t<div class=\"elementor-element elementor-element-29fbfc1 sc_fly_static elementor-widget elementor-widget-heading\" data-id=\"29fbfc1\" data-element_type=\"widget\" data-widget_type=\"heading.default\">\n\t\t\t\t<div class=\"elementor-widget-container\">\n\t\t\t\t\t<h2 class=\"elementor-heading-title elementor-size-default\">Consulenza  Materiale<\/h2>\t\t\t\t<\/div>\n\t\t\t\t<\/div>\n\t\t\t\t<div class=\"elementor-element elementor-element-00af236 sc_fly_static elementor-widget elementor-widget-text-editor\" data-id=\"00af236\" data-element_type=\"widget\" data-widget_type=\"text-editor.default\">\n\t\t\t\t<div class=\"elementor-widget-container\">\n\t\t\t\t\t\t\t\t\t<p>Iniziamo capendo attentamente le tue<br>esigenze e la tua visione. Il nostro team di esperti ti guider\u00e0 attraverso la nostra vasta selezione di materiali, colori e texture, aiutandoti a scegliere il pezzo di pietra perfetto &#8211; che sia marmo, granito, quarzo, travertino o onice &#8211; su misura per il tuo spazio e le tue preferenze estetiche.<\/p>\t\t\t\t\t\t\t\t<\/div>\n\t\t\t\t<\/div>\n\t\t\t\t\t<\/div>\n\t\t<\/div>\n\t\t\t\t<div class=\"elementor-column elementor-col-33 elementor-top-column elementor-element elementor-element-39b908d sc_content_align_inherit sc_layouts_column_icons_position_left sc_fly_static\" data-id=\"39b908d\" data-element_type=\"column\">\n\t\t\t<div class=\"elementor-widget-wrap elementor-element-populated\">\n\t\t\t\t\t\t<div class=\"elementor-element elementor-element-ce28f6e sc_fly_static elementor-widget elementor-widget-image\" data-id=\"ce28f6e\" data-element_type=\"widget\" data-widget_type=\"image.default\">\n\t\t\t\t<div class=\"elementor-widget-container\">\n\t\t\t\t\t\t\t\t\t\t\t\t\t\t\t<img fetchpriority=\"high\" decoding=\"async\" width=\"1024\" height=\"719\" src=\"https:\/\/kristimermer.com\/wp-content\/uploads\/2025\/04\/1747-1024x719.jpg\" class=\"attachment-large size-large wp-image-37744\" alt=\"\" srcset=\"https:\/\/kristimermer.com\/wp-content\/uploads\/2025\/04\/1747-1024x719.jpg 1024w, https:\/\/kristimermer.com\/wp-content\/uploads\/2025\/04\/1747-300x211.jpg 300w, https:\/\/kristimermer.com\/wp-content\/uploads\/2025\/04\/1747-768x539.jpg 768w, https:\/\/kristimermer.com\/wp-content\/uploads\/2025\/04\/1747-1536x1078.jpg 1536w, https:\/\/kristimermer.com\/wp-content\/uploads\/2025\/04\/1747-370x260.jpg 370w, https:\/\/kristimermer.com\/wp-content\/uploads\/2025\/04\/1747-840x590.jpg 840w, https:\/\/kristimermer.com\/wp-content\/uploads\/2025\/04\/1747-410x288.jpg 410w, https:\/\/kristimermer.com\/wp-content\/uploads\/2025\/04\/1747.jpg 2000w\" sizes=\"(max-width: 1024px) 100vw, 1024px\" \/>\t\t\t\t\t\t\t\t\t\t\t\t\t\t\t<\/div>\n\t\t\t\t<\/div>\n\t\t\t\t\t<\/div>\n\t\t<\/div>\n\t\t\t\t\t<\/div>\n\t\t<\/section>\n\t\t\t\t<section class=\"elementor-section-with-custom-width elementor-section elementor-top-section elementor-element elementor-element-16c4ea7 elementor-section-boxed elementor-section-height-default elementor-section-height-default sc_fly_static\" data-id=\"16c4ea7\" data-element_type=\"section\">\n\t\t\t\t\t\t<div class=\"elementor-container elementor-column-gap-default\">\n\t\t\t\t\t<div class=\"elementor-column elementor-col-33 elementor-top-column elementor-element elementor-element-19334df sc_content_align_inherit sc_layouts_column_icons_position_left sc_fly_static\" data-id=\"19334df\" data-element_type=\"column\">\n\t\t\t<div class=\"elementor-widget-wrap elementor-element-populated\">\n\t\t\t\t\t\t<div class=\"elementor-element elementor-element-3fe4a3f sc_fly_static elementor-widget elementor-widget-image\" data-id=\"3fe4a3f\" data-element_type=\"widget\" data-widget_type=\"image.default\">\n\t\t\t\t<div class=\"elementor-widget-container\">\n\t\t\t\t\t\t\t\t\t\t\t\t\t\t\t<img decoding=\"async\" width=\"1024\" height=\"719\" src=\"https:\/\/kristimermer.com\/wp-content\/uploads\/2025\/04\/1747-1-1024x719.jpg\" class=\"attachment-large size-large wp-image-37745\" alt=\"\" srcset=\"https:\/\/kristimermer.com\/wp-content\/uploads\/2025\/04\/1747-1-1024x719.jpg 1024w, https:\/\/kristimermer.com\/wp-content\/uploads\/2025\/04\/1747-1-300x211.jpg 300w, https:\/\/kristimermer.com\/wp-content\/uploads\/2025\/04\/1747-1-768x539.jpg 768w, https:\/\/kristimermer.com\/wp-content\/uploads\/2025\/04\/1747-1-1536x1078.jpg 1536w, https:\/\/kristimermer.com\/wp-content\/uploads\/2025\/04\/1747-1-370x260.jpg 370w, https:\/\/kristimermer.com\/wp-content\/uploads\/2025\/04\/1747-1-840x590.jpg 840w, https:\/\/kristimermer.com\/wp-content\/uploads\/2025\/04\/1747-1-410x288.jpg 410w, https:\/\/kristimermer.com\/wp-content\/uploads\/2025\/04\/1747-1.jpg 2000w\" sizes=\"(max-width: 1024px) 100vw, 1024px\" \/>\t\t\t\t\t\t\t\t\t\t\t\t\t\t\t<\/div>\n\t\t\t\t<\/div>\n\t\t\t\t\t<\/div>\n\t\t<\/div>\n\t\t\t\t<div class=\"elementor-column elementor-col-66 elementor-top-column elementor-element elementor-element-87a3d5e sc_content_align_inherit sc_layouts_column_icons_position_left sc_fly_static\" data-id=\"87a3d5e\" data-element_type=\"column\">\n\t\t\t<div class=\"elementor-widget-wrap elementor-element-populated\">\n\t\t\t\t\t\t<div class=\"elementor-element elementor-element-6a94bec sc_fly_static elementor-widget elementor-widget-heading\" data-id=\"6a94bec\" data-element_type=\"widget\" data-widget_type=\"heading.default\">\n\t\t\t\t<div class=\"elementor-widget-container\">\n\t\t\t\t\t<h2 class=\"elementor-heading-title elementor-size-default\">Misurazioni Accurate  Personalizzazione<\/h2>\t\t\t\t<\/div>\n\t\t\t\t<\/div>\n\t\t\t\t<div class=\"elementor-element elementor-element-3b247df sc_fly_static elementor-widget elementor-widget-text-editor\" data-id=\"3b247df\" data-element_type=\"widget\" data-widget_type=\"text-editor.default\">\n\t\t\t\t<div class=\"elementor-widget-container\">\n\t\t\t\t\t\t\t\t\t<p>Una volta selezionato il materiale, i nostri professionisti dedicati prenderanno misure precise nel tuo spazio, assicurando che il prodotto finale si adatti perfettamente al suo ambiente. Ci impegniamo a eliminare qualsiasi problema con le dimensioni, fornendo soluzioni personalizzate che soddisfano le tue esigenze.<\/p>\t\t\t\t\t\t\t\t<\/div>\n\t\t\t\t<\/div>\n\t\t\t\t\t<\/div>\n\t\t<\/div>\n\t\t\t\t\t<\/div>\n\t\t<\/section>\n\t\t\t\t<section class=\"elementor-section-with-custom-width elementor-section elementor-top-section elementor-element elementor-element-5b50d0a elementor-section-boxed elementor-section-height-default elementor-section-height-default sc_fly_static\" data-id=\"5b50d0a\" data-element_type=\"section\">\n\t\t\t\t\t\t<div class=\"elementor-container elementor-column-gap-default\">\n\t\t\t\t\t<div class=\"elementor-column elementor-col-66 elementor-top-column elementor-element elementor-element-98a007d sc_content_align_inherit sc_layouts_column_icons_position_left sc_fly_static\" data-id=\"98a007d\" data-element_type=\"column\">\n\t\t\t<div class=\"elementor-widget-wrap elementor-element-populated\">\n\t\t\t\t\t\t<div class=\"elementor-element elementor-element-c000286 sc_fly_static elementor-widget elementor-widget-heading\" data-id=\"c000286\" data-element_type=\"widget\" data-widget_type=\"heading.default\">\n\t\t\t\t<div class=\"elementor-widget-container\">\n\t\t\t\t\t<h2 class=\"elementor-heading-title elementor-size-default\">Produzione  Artigianato<\/h2>\t\t\t\t<\/div>\n\t\t\t\t<\/div>\n\t\t\t\t<div class=\"elementor-element elementor-element-03dbba4 sc_fly_static elementor-widget elementor-widget-text-editor\" data-id=\"03dbba4\" data-element_type=\"widget\" data-widget_type=\"text-editor.default\">\n\t\t\t\t<div class=\"elementor-widget-container\">\n\t\t\t\t\t\t\t\t\t<p>Dopo un&#8217;attenta pianificazione e specifiche esatte, i nostri abili artigiani iniziano la produzione del tuo ordine. Combiniamo l&#8217;artigianato antico con la tecnologia moderna, creando pezzi che sono belli e duraturi.<\/p>\t\t\t\t\t\t\t\t<\/div>\n\t\t\t\t<\/div>\n\t\t\t\t\t<\/div>\n\t\t<\/div>\n\t\t\t\t<div class=\"elementor-column elementor-col-33 elementor-top-column elementor-element elementor-element-1e54ce4 sc_content_align_inherit sc_layouts_column_icons_position_left sc_fly_static\" data-id=\"1e54ce4\" data-element_type=\"column\">\n\t\t\t<div class=\"elementor-widget-wrap elementor-element-populated\">\n\t\t\t\t\t\t<div class=\"elementor-element elementor-element-5800f23 sc_fly_static elementor-widget elementor-widget-image\" data-id=\"5800f23\" data-element_type=\"widget\" data-widget_type=\"image.default\">\n\t\t\t\t<div class=\"elementor-widget-container\">\n\t\t\t\t\t\t\t\t\t\t\t\t\t\t\t<img decoding=\"async\" width=\"1024\" height=\"719\" src=\"https:\/\/kristimermer.com\/wp-content\/uploads\/2025\/04\/17471-1024x719.jpg\" class=\"attachment-large size-large wp-image-37746\" alt=\"\" srcset=\"https:\/\/kristimermer.com\/wp-content\/uploads\/2025\/04\/17471-1024x719.jpg 1024w, https:\/\/kristimermer.com\/wp-content\/uploads\/2025\/04\/17471-300x211.jpg 300w, https:\/\/kristimermer.com\/wp-content\/uploads\/2025\/04\/17471-768x539.jpg 768w, https:\/\/kristimermer.com\/wp-content\/uploads\/2025\/04\/17471-1536x1078.jpg 1536w, https:\/\/kristimermer.com\/wp-content\/uploads\/2025\/04\/17471-370x260.jpg 370w, https:\/\/kristimermer.com\/wp-content\/uploads\/2025\/04\/17471-840x590.jpg 840w, https:\/\/kristimermer.com\/wp-content\/uploads\/2025\/04\/17471-410x288.jpg 410w, https:\/\/kristimermer.com\/wp-content\/uploads\/2025\/04\/17471.jpg 2000w\" sizes=\"(max-width: 1024px) 100vw, 1024px\" \/>\t\t\t\t\t\t\t\t\t\t\t\t\t\t\t<\/div>\n\t\t\t\t<\/div>\n\t\t\t\t\t<\/div>\n\t\t<\/div>\n\t\t\t\t\t<\/div>\n\t\t<\/section>\n\t\t\t\t<section class=\"elementor-section-with-custom-width elementor-section elementor-top-section elementor-element elementor-element-6a02de4 elementor-section-boxed elementor-section-height-default elementor-section-height-default sc_fly_static\" data-id=\"6a02de4\" data-element_type=\"section\">\n\t\t\t\t\t\t<div class=\"elementor-container elementor-column-gap-default\">\n\t\t\t\t\t<div class=\"elementor-column elementor-col-33 elementor-top-column elementor-element elementor-element-1ee6e87 sc_content_align_inherit sc_layouts_column_icons_position_left sc_fly_static\" data-id=\"1ee6e87\" data-element_type=\"column\">\n\t\t\t<div class=\"elementor-widget-wrap elementor-element-populated\">\n\t\t\t\t\t\t<div class=\"elementor-element elementor-element-05e45ce sc_fly_static elementor-widget elementor-widget-image\" data-id=\"05e45ce\" data-element_type=\"widget\" data-widget_type=\"image.default\">\n\t\t\t\t<div class=\"elementor-widget-container\">\n\t\t\t\t\t\t\t\t\t\t\t\t\t\t\t<img loading=\"lazy\" decoding=\"async\" width=\"1024\" height=\"719\" src=\"https:\/\/kristimermer.com\/wp-content\/uploads\/2025\/04\/17472-1024x719.jpg\" class=\"attachment-large size-large wp-image-37747\" alt=\"\" srcset=\"https:\/\/kristimermer.com\/wp-content\/uploads\/2025\/04\/17472-1024x719.jpg 1024w, https:\/\/kristimermer.com\/wp-content\/uploads\/2025\/04\/17472-300x211.jpg 300w, https:\/\/kristimermer.com\/wp-content\/uploads\/2025\/04\/17472-768x539.jpg 768w, https:\/\/kristimermer.com\/wp-content\/uploads\/2025\/04\/17472-1536x1078.jpg 1536w, https:\/\/kristimermer.com\/wp-content\/uploads\/2025\/04\/17472-370x260.jpg 370w, https:\/\/kristimermer.com\/wp-content\/uploads\/2025\/04\/17472-840x590.jpg 840w, https:\/\/kristimermer.com\/wp-content\/uploads\/2025\/04\/17472-410x288.jpg 410w, https:\/\/kristimermer.com\/wp-content\/uploads\/2025\/04\/17472.jpg 2000w\" sizes=\"(max-width: 1024px) 100vw, 1024px\" \/>\t\t\t\t\t\t\t\t\t\t\t\t\t\t\t<\/div>\n\t\t\t\t<\/div>\n\t\t\t\t\t<\/div>\n\t\t<\/div>\n\t\t\t\t<div class=\"elementor-column elementor-col-66 elementor-top-column elementor-element elementor-element-01446c3 sc_content_align_inherit sc_layouts_column_icons_position_left sc_fly_static\" data-id=\"01446c3\" data-element_type=\"column\">\n\t\t\t<div class=\"elementor-widget-wrap elementor-element-populated\">\n\t\t\t\t\t\t<div class=\"elementor-element elementor-element-617cf6a sc_fly_static elementor-widget elementor-widget-heading\" data-id=\"617cf6a\" data-element_type=\"widget\" data-widget_type=\"heading.default\">\n\t\t\t\t<div class=\"elementor-widget-container\">\n\t\t\t\t\t<h2 class=\"elementor-heading-title elementor-size-default\">Installazione Professionale<\/h2>\t\t\t\t<\/div>\n\t\t\t\t<\/div>\n\t\t\t\t<div class=\"elementor-element elementor-element-8605de2 sc_fly_static elementor-widget elementor-widget-text-editor\" data-id=\"8605de2\" data-element_type=\"widget\" data-widget_type=\"text-editor.default\">\n\t\t\t\t<div class=\"elementor-widget-container\">\n\t\t\t\t\t\t\t\t\t<p>Se necessario, offriamo servizi di installazione esperti, assicurando che i tuoi pezzi di pietra siano posizionati con la massima precisione e cura. Il nostro team esegue un&#8217;installazione impeccabile, trasformando il tuo spazio con la sofisticazione e l&#8217;eleganza che meriti.<\/p>\t\t\t\t\t\t\t\t<\/div>\n\t\t\t\t<\/div>\n\t\t\t\t\t<\/div>\n\t\t<\/div>\n\t\t\t\t\t<\/div>\n\t\t<\/section>\n\t\t\t\t<section class=\"elementor-section-with-custom-width elementor-section elementor-top-section elementor-element elementor-element-c7944c7 elementor-section-boxed elementor-section-height-default elementor-section-height-default sc_fly_static\" data-id=\"c7944c7\" data-element_type=\"section\">\n\t\t\t\t\t\t<div class=\"elementor-container elementor-column-gap-default\">\n\t\t\t\t\t<div class=\"elementor-column elementor-col-100 elementor-top-column elementor-element elementor-element-f5bc1c0 sc_content_align_inherit sc_layouts_column_icons_position_left sc_fly_static\" data-id=\"f5bc1c0\" data-element_type=\"column\">\n\t\t\t<div class=\"elementor-widget-wrap\">\n\t\t\t\t\t\t\t<\/div>\n\t\t<\/div>\n\t\t\t\t\t<\/div>\n\t\t<\/section>\n\t\t\t\t<section class=\"elementor-section elementor-top-section elementor-element elementor-element-0e27123 elementor-section-boxed elementor-section-height-default elementor-section-height-default sc_fly_static\" data-id=\"0e27123\" data-element_type=\"section\">\n\t\t\t\t\t\t<div class=\"elementor-container elementor-column-gap-extended\">\n\t\t\t\t\t<div class=\"elementor-column elementor-col-100 elementor-top-column elementor-element elementor-element-cb3a026 sc_content_align_inherit sc_layouts_column_icons_position_left sc_fly_static\" data-id=\"cb3a026\" data-element_type=\"column\">\n\t\t\t<div class=\"elementor-widget-wrap elementor-element-populated\">\n\t\t\t\t\t\t<div class=\"elementor-element elementor-element-6218d0e elementor-widget-divider--view-line sc_fly_static elementor-widget elementor-widget-divider\" data-id=\"6218d0e\" data-element_type=\"widget\" data-widget_type=\"divider.default\">\n\t\t\t\t<div class=\"elementor-widget-container\">\n\t\t\t\t\t\t\t<div class=\"elementor-divider\">\n\t\t\t<span class=\"elementor-divider-separator\">\n\t\t\t\t\t\t<\/span>\n\t\t<\/div>\n\t\t\t\t\t\t<\/div>\n\t\t\t\t<\/div>\n\t\t\t\t\t<\/div>\n\t\t<\/div>\n\t\t\t\t\t<\/div>\n\t\t<\/section>\n\t\t\t\t<section class=\"elementor-section elementor-top-section elementor-element elementor-element-a222432 elementor-section-boxed elementor-section-height-default elementor-section-height-default sc_fly_static\" data-id=\"a222432\" data-element_type=\"section\">\n\t\t\t\t\t\t<div class=\"elementor-container elementor-column-gap-extended\">\n\t\t\t\t\t<div class=\"elementor-column elementor-col-100 elementor-top-column elementor-element elementor-element-5604ec7 sc_content_align_inherit sc_layouts_column_icons_position_left sc_fly_static\" data-id=\"5604ec7\" data-element_type=\"column\">\n\t\t\t<div class=\"elementor-widget-wrap elementor-element-populated\">\n\t\t\t\t\t\t<div class=\"elementor-element elementor-element-a78d87a sc_fly_static elementor-widget elementor-widget-text-editor\" data-id=\"a78d87a\" data-element_type=\"widget\" data-widget_type=\"text-editor.default\">\n\t\t\t\t<div class=\"elementor-widget-container\">\n\t\t\t\t\t\t\t\t\t<p>Durante l&#8217;intero processo, diamo priorit\u00e0 alla consulenza, alla qualit\u00e0 e alla professionalit\u00e0, assicurandoci che ogni dettaglio soddisfi le tue aspettative. Noi di Kristi Mermer siamo orgogliosi di offrire un servizio e prodotti eccezionali, trasformando la tua visione in realt\u00e0 con un&#8217;esperienza di cui puoi fidarti.<\/p>\t\t\t\t\t\t\t\t<\/div>\n\t\t\t\t<\/div>\n\t\t\t\t\t<\/div>\n\t\t<\/div>\n\t\t\t\t\t<\/div>\n\t\t<\/section>\n\t\t\t\t<\/div>\n\t\t","protected":false},"excerpt":{"rendered":"<p>I nostri servizi Noi di Kristi Mermer offriamo un&#8217;esperienza completa ai nostri clienti, garantendo un percorso senza intoppidall&#8217;indagine all&#8217;installazione. Ecco cosa puoi aspettarti lavorando con noi: Consulenza Materiale Iniziamo capendo&hellip;<\/p>\n","protected":false},"author":1,"featured_media":0,"parent":0,"menu_order":0,"comment_status":"closed","ping_status":"closed","template":"","meta":{"footnotes":""},"class_list":["post-38641","page","type-page","status-publish","hentry"],"_links":{"self":[{"href":"https:\/\/kristimermer.com\/it\/wp-json\/wp\/v2\/pages\/38641","targetHints":{"allow":["GET"]}}],"collection":[{"href":"https:\/\/kristimermer.com\/it\/wp-json\/wp\/v2\/pages"}],"about":[{"href":"https:\/\/kristimermer.com\/it\/wp-json\/wp\/v2\/types\/page"}],"author":[{"embeddable":true,"href":"https:\/\/kristimermer.com\/it\/wp-json\/wp\/v2\/users\/1"}],"replies":[{"embeddable":true,"href":"https:\/\/kristimermer.com\/it\/wp-json\/wp\/v2\/comments?post=38641"}],"version-history":[{"count":2,"href":"https:\/\/kristimermer.com\/it\/wp-json\/wp\/v2\/pages\/38641\/revisions"}],"predecessor-version":[{"id":38643,"href":"https:\/\/kristimermer.com\/it\/wp-json\/wp\/v2\/pages\/38641\/revisions\/38643"}],"wp:attachment":[{"href":"https:\/\/kristimermer.com\/it\/wp-json\/wp\/v2\/media?parent=38641"}],"curies":[{"name":"wp","href":"https:\/\/api.w.org\/{rel}","templated":true}]}}