{"id":38581,"date":"2025-04-20T08:02:35","date_gmt":"2025-04-20T08:02:35","guid":{"rendered":"https:\/\/kristimermer.com\/produktet\/"},"modified":"2025-04-22T15:57:02","modified_gmt":"2025-04-22T15:57:02","slug":"produktet","status":"publish","type":"page","link":"https:\/\/kristimermer.com\/sq\/produktet\/","title":{"rendered":"Produktet"},"content":{"rendered":"\t\t<div data-elementor-type=\"wp-page\" data-elementor-id=\"38581\" class=\"elementor elementor-38581 elementor-37500\" data-elementor-post-type=\"page\">\n\t\t\t\t\t\t<section class=\"elementor-section elementor-top-section elementor-element elementor-element-9997748 elementor-section-boxed elementor-section-height-default elementor-section-height-default sc_fly_static\" data-id=\"9997748\" data-element_type=\"section\">\n\t\t\t\t\t\t<div class=\"elementor-container elementor-column-gap-extended\">\n\t\t\t\t\t<div class=\"elementor-column elementor-col-100 elementor-top-column elementor-element elementor-element-b6d435a sc_content_align_inherit sc_layouts_column_icons_position_left sc_fly_static\" data-id=\"b6d435a\" data-element_type=\"column\">\n\t\t\t<div class=\"elementor-widget-wrap elementor-element-populated\">\n\t\t\t\t\t\t<div class=\"elementor-element elementor-element-3f7e0f33 sc_fly_static elementor-widget elementor-widget-trx_sc_title\" data-id=\"3f7e0f33\" data-element_type=\"widget\" data-widget_type=\"trx_sc_title.default\">\n\t\t\t\t<div class=\"elementor-widget-container\">\n\t\t\t\t\t<div\t\tclass=\"sc_title sc_title_default\" ><h1 class=\"sc_item_title sc_title_title sc_align_center sc_item_title_style_default sc_item_title_tag\"\n\t\t\t><span class=\"sc_item_title_text\">Produktet tona<\/span><\/h1><div class=\"sc_item_descr sc_title_descr sc_align_center\"><p>Nga graniti me struktur\u00eb t\u00eb fort\u00eb deri te onyksi me shk\u00eblqim natyral, koleksionet tona t\u00eb gur\u00ebve jan\u00eb p\u00ebrzgjedhur me kujdes p\u00ebr t\u00eb p\u00ebrmbushur standardet m\u00eb t\u00eb larta t\u00eb bukuris\u00eb dhe q\u00ebndrueshm\u00ebris\u00eb. Qoft\u00eb p\u00ebr ambiente banimi apo hap\u00ebsira komerciale, graniti, mermeri, onyksi, kuarci, kuarciti dhe travertini ofrojn\u00eb mund\u00ebsi t\u00eb pafundme p\u00ebr dizajn unik dhe funksional.<\/p>\n<\/div><\/div>\t\t\t\t<\/div>\n\t\t\t\t<\/div>\n\t\t\t\t\t<\/div>\n\t\t<\/div>\n\t\t\t\t\t<\/div>\n\t\t<\/section>\n\t\t\t\t<section class=\"elementor-section elementor-top-section elementor-element elementor-element-2a39c1c elementor-section-boxed elementor-section-height-default elementor-section-height-default sc_fly_static\" data-id=\"2a39c1c\" data-element_type=\"section\">\n\t\t\t\t\t\t<div class=\"elementor-container elementor-column-gap-extended\">\n\t\t\t\t\t<div class=\"elementor-column elementor-col-33 elementor-top-column elementor-element elementor-element-cc67551 sc_content_align_inherit sc_layouts_column_icons_position_left sc_fly_static\" data-id=\"cc67551\" data-element_type=\"column\">\n\t\t\t<div class=\"elementor-widget-wrap elementor-element-populated\">\n\t\t\t\t\t\t<div class=\"elementor-element elementor-element-d4f2797 sc_fly_static elementor-widget elementor-widget-theme-post-featured-image elementor-widget-image\" data-id=\"d4f2797\" data-element_type=\"widget\" data-widget_type=\"theme-post-featured-image.default\">\n\t\t\t\t<div class=\"elementor-widget-container\">\n\t\t\t\t\t\t\t\t\t\t\t\t<figure class=\"wp-caption\">\n\t\t\t\t\t\t\t\t\t\t\t<a href=\"https:\/\/kristimermer.com\/products\/granite\">\n\t\t\t\t\t\t\t<img decoding=\"async\" src=\"https:\/\/kristimermer.com\/wp-content\/uploads\/elementor\/thumbs\/blue-pearl-r4ms72zn9wlpvfflkgtkhezmzp9kxl4x9k8a87xlmw.jpg\" title=\"blue-pearl\" alt=\"blue-pearl\" loading=\"lazy\" \/>\t\t\t\t\t\t\t\t<\/a>\n\t\t\t\t\t\t\t\t\t\t\t<figcaption class=\"widget-image-caption wp-caption-text\">Granit<\/figcaption>\n\t\t\t\t\t\t\t\t\t\t<\/figure>\n\t\t\t\t\t\t\t\t\t<\/div>\n\t\t\t\t<\/div>\n\t\t\t\t\t<\/div>\n\t\t<\/div>\n\t\t\t\t<div class=\"elementor-column elementor-col-33 elementor-top-column elementor-element elementor-element-45800e4 sc_content_align_inherit sc_layouts_column_icons_position_left sc_fly_static\" data-id=\"45800e4\" data-element_type=\"column\">\n\t\t\t<div class=\"elementor-widget-wrap elementor-element-populated\">\n\t\t\t\t\t\t<div class=\"elementor-element elementor-element-875a9c3 sc_fly_static elementor-widget elementor-widget-theme-post-featured-image elementor-widget-image\" data-id=\"875a9c3\" data-element_type=\"widget\" data-widget_type=\"theme-post-featured-image.default\">\n\t\t\t\t<div class=\"elementor-widget-container\">\n\t\t\t\t\t\t\t\t\t\t\t\t<figure class=\"wp-caption\">\n\t\t\t\t\t\t\t\t\t\t\t<a href=\"https:\/\/kristimermer.com\/products\/marble\">\n\t\t\t\t\t\t\t<img decoding=\"async\" src=\"https:\/\/kristimermer.com\/wp-content\/uploads\/elementor\/thumbs\/black-marquina-r4msfkh6z27wop3v0mvbhrwg1xfvf7tork9375cngo.jpg\" title=\"black marquina\" alt=\"black marquina\" loading=\"lazy\" \/>\t\t\t\t\t\t\t\t<\/a>\n\t\t\t\t\t\t\t\t\t\t\t<figcaption class=\"widget-image-caption wp-caption-text\">Mermer<\/figcaption>\n\t\t\t\t\t\t\t\t\t\t<\/figure>\n\t\t\t\t\t\t\t\t\t<\/div>\n\t\t\t\t<\/div>\n\t\t\t\t\t<\/div>\n\t\t<\/div>\n\t\t\t\t<div class=\"elementor-column elementor-col-33 elementor-top-column elementor-element elementor-element-4523164 sc_content_align_inherit sc_layouts_column_icons_position_left sc_fly_static\" data-id=\"4523164\" data-element_type=\"column\">\n\t\t\t<div class=\"elementor-widget-wrap elementor-element-populated\">\n\t\t\t\t\t\t<div class=\"elementor-element elementor-element-a2b04e9 sc_fly_static elementor-widget elementor-widget-theme-post-featured-image elementor-widget-image\" data-id=\"a2b04e9\" data-element_type=\"widget\" data-widget_type=\"theme-post-featured-image.default\">\n\t\t\t\t<div class=\"elementor-widget-container\">\n\t\t\t\t\t\t\t\t\t\t\t\t<figure class=\"wp-caption\">\n\t\t\t\t\t\t\t\t\t\t\t<a href=\"https:\/\/kristimermer.com\/products\/onyx\">\n\t\t\t\t\t\t\t<img decoding=\"async\" src=\"https:\/\/kristimermer.com\/wp-content\/uploads\/elementor\/thumbs\/onice-rosso-r4msk41408fssuiahlkejmmnez1qmjuze1rkpam5e0.jpg\" title=\"onice rosso\" alt=\"onice rosso\" loading=\"lazy\" \/>\t\t\t\t\t\t\t\t<\/a>\n\t\t\t\t\t\t\t\t\t\t\t<figcaption class=\"widget-image-caption wp-caption-text\">Oniks<\/figcaption>\n\t\t\t\t\t\t\t\t\t\t<\/figure>\n\t\t\t\t\t\t\t\t\t<\/div>\n\t\t\t\t<\/div>\n\t\t\t\t\t<\/div>\n\t\t<\/div>\n\t\t\t\t\t<\/div>\n\t\t<\/section>\n\t\t\t\t<section class=\"elementor-section elementor-top-section elementor-element elementor-element-f5de0c8 elementor-section-boxed elementor-section-height-default elementor-section-height-default sc_fly_static\" data-id=\"f5de0c8\" data-element_type=\"section\">\n\t\t\t\t\t\t<div class=\"elementor-container elementor-column-gap-extended\">\n\t\t\t\t\t<div class=\"elementor-column elementor-col-33 elementor-top-column elementor-element elementor-element-d4cb16c sc_content_align_inherit sc_layouts_column_icons_position_left sc_fly_static\" data-id=\"d4cb16c\" data-element_type=\"column\">\n\t\t\t<div class=\"elementor-widget-wrap elementor-element-populated\">\n\t\t\t\t\t\t<div class=\"elementor-element elementor-element-d8066df sc_fly_static elementor-widget elementor-widget-theme-post-featured-image elementor-widget-image\" data-id=\"d8066df\" data-element_type=\"widget\" data-widget_type=\"theme-post-featured-image.default\">\n\t\t\t\t<div class=\"elementor-widget-container\">\n\t\t\t\t\t\t\t\t\t\t\t\t<figure class=\"wp-caption\">\n\t\t\t\t\t\t\t\t\t\t\t<a href=\"https:\/\/kristimermer.com\/products\/quartz\">\n\t\t\t\t\t\t\t<img decoding=\"async\" src=\"https:\/\/kristimermer.com\/wp-content\/uploads\/elementor\/thumbs\/Victoria-r4msqgfw4z4h63aifuaqviznrlrxl01r9gakbj7he0.jpg\" title=\"Victoria\" alt=\"Victoria\" loading=\"lazy\" \/>\t\t\t\t\t\t\t\t<\/a>\n\t\t\t\t\t\t\t\t\t\t\t<figcaption class=\"widget-image-caption wp-caption-text\">Kuarci<\/figcaption>\n\t\t\t\t\t\t\t\t\t\t<\/figure>\n\t\t\t\t\t\t\t\t\t<\/div>\n\t\t\t\t<\/div>\n\t\t\t\t\t<\/div>\n\t\t<\/div>\n\t\t\t\t<div class=\"elementor-column elementor-col-33 elementor-top-column elementor-element elementor-element-bb11296 sc_content_align_inherit sc_layouts_column_icons_position_left sc_fly_static\" data-id=\"bb11296\" data-element_type=\"column\">\n\t\t\t<div class=\"elementor-widget-wrap elementor-element-populated\">\n\t\t\t\t\t\t<div class=\"elementor-element elementor-element-f0e3ed2 sc_fly_static elementor-widget elementor-widget-theme-post-featured-image elementor-widget-image\" data-id=\"f0e3ed2\" data-element_type=\"widget\" data-widget_type=\"theme-post-featured-image.default\">\n\t\t\t\t<div class=\"elementor-widget-container\">\n\t\t\t\t\t\t\t\t\t\t\t\t<figure class=\"wp-caption\">\n\t\t\t\t\t\t\t\t\t\t\t<a href=\"https:\/\/kristimermer.com\/products\/quartzite\">\n\t\t\t\t\t\t\t<img decoding=\"async\" src=\"https:\/\/kristimermer.com\/wp-content\/uploads\/elementor\/thumbs\/avocado-r4msr5tj9i37vk9nbn9o8ul3t0auctuicxwoa05uq0.jpg\" title=\"avocado\" alt=\"avocado\" loading=\"lazy\" \/>\t\t\t\t\t\t\t\t<\/a>\n\t\t\t\t\t\t\t\t\t\t\t<figcaption class=\"widget-image-caption wp-caption-text\">Kuarciti<\/figcaption>\n\t\t\t\t\t\t\t\t\t\t<\/figure>\n\t\t\t\t\t\t\t\t\t<\/div>\n\t\t\t\t<\/div>\n\t\t\t\t\t<\/div>\n\t\t<\/div>\n\t\t\t\t<div class=\"elementor-column elementor-col-33 elementor-top-column elementor-element elementor-element-f258f37 sc_content_align_inherit sc_layouts_column_icons_position_left sc_fly_static\" data-id=\"f258f37\" data-element_type=\"column\">\n\t\t\t<div class=\"elementor-widget-wrap elementor-element-populated\">\n\t\t\t\t\t\t<div class=\"elementor-element elementor-element-6b6846d sc_fly_static elementor-widget elementor-widget-theme-post-featured-image elementor-widget-image\" data-id=\"6b6846d\" data-element_type=\"widget\" data-widget_type=\"theme-post-featured-image.default\">\n\t\t\t\t<div class=\"elementor-widget-container\">\n\t\t\t\t\t\t\t\t\t\t\t\t<figure class=\"wp-caption\">\n\t\t\t\t\t\t\t\t\t\t\t<a href=\"https:\/\/kristimermer.com\/products\/travertine\">\n\t\t\t\t\t\t\t<img decoding=\"async\" src=\"https:\/\/kristimermer.com\/wp-content\/uploads\/elementor\/thumbs\/red-travertine-r4msu4z4wm5wn3xzxxl553jnixmoqbnwroa0zjqz0o.png\" title=\"red-travertine\" alt=\"red-travertine\" loading=\"lazy\" \/>\t\t\t\t\t\t\t\t<\/a>\n\t\t\t\t\t\t\t\t\t\t\t<figcaption class=\"widget-image-caption wp-caption-text\">Travertin<\/figcaption>\n\t\t\t\t\t\t\t\t\t\t<\/figure>\n\t\t\t\t\t\t\t\t\t<\/div>\n\t\t\t\t<\/div>\n\t\t\t\t\t<\/div>\n\t\t<\/div>\n\t\t\t\t\t<\/div>\n\t\t<\/section>\n\t\t\t\t<\/div>\n\t\t","protected":false},"excerpt":{"rendered":"<p>Produktet tona Nga graniti me struktur\u00eb t\u00eb fort\u00eb deri te onyksi me shk\u00eblqim natyral, koleksionet tona t\u00eb gur\u00ebve jan\u00eb p\u00ebrzgjedhur me kujdes p\u00ebr t\u00eb p\u00ebrmbushur standardet m\u00eb t\u00eb larta t\u00eb&hellip;<\/p>\n","protected":false},"author":1,"featured_media":0,"parent":0,"menu_order":0,"comment_status":"closed","ping_status":"closed","template":"","meta":{"footnotes":""},"class_list":["post-38581","page","type-page","status-publish","hentry"],"_links":{"self":[{"href":"https:\/\/kristimermer.com\/sq\/wp-json\/wp\/v2\/pages\/38581","targetHints":{"allow":["GET"]}}],"collection":[{"href":"https:\/\/kristimermer.com\/sq\/wp-json\/wp\/v2\/pages"}],"about":[{"href":"https:\/\/kristimermer.com\/sq\/wp-json\/wp\/v2\/types\/page"}],"author":[{"embeddable":true,"href":"https:\/\/kristimermer.com\/sq\/wp-json\/wp\/v2\/users\/1"}],"replies":[{"embeddable":true,"href":"https:\/\/kristimermer.com\/sq\/wp-json\/wp\/v2\/comments?post=38581"}],"version-history":[{"count":8,"href":"https:\/\/kristimermer.com\/sq\/wp-json\/wp\/v2\/pages\/38581\/revisions"}],"predecessor-version":[{"id":38700,"href":"https:\/\/kristimermer.com\/sq\/wp-json\/wp\/v2\/pages\/38581\/revisions\/38700"}],"wp:attachment":[{"href":"https:\/\/kristimermer.com\/sq\/wp-json\/wp\/v2\/media?parent=38581"}],"curies":[{"name":"wp","href":"https:\/\/api.w.org\/{rel}","templated":true}]}}