{"id":38582,"date":"2020-12-30T11:12:41","date_gmt":"2020-12-30T11:12:41","guid":{"rendered":"https:\/\/kristimermer.com\/kontaktoni\/"},"modified":"2025-04-22T16:03:44","modified_gmt":"2025-04-22T16:03:44","slug":"kontaktoni","status":"publish","type":"page","link":"https:\/\/kristimermer.com\/sq\/kontaktoni\/","title":{"rendered":"Kontakt"},"content":{"rendered":"\t\t<div data-elementor-type=\"wp-page\" data-elementor-id=\"38582\" class=\"elementor elementor-38582 elementor-1453\" data-elementor-post-type=\"page\">\n\t\t\t\t\t\t<section class=\"elementor-section elementor-top-section elementor-element elementor-element-74acda52 elementor-section-boxed elementor-section-height-default elementor-section-height-default sc_fly_static\" data-id=\"74acda52\" data-element_type=\"section\">\n\t\t\t\t\t\t<div class=\"elementor-container elementor-column-gap-extended\">\n\t\t\t\t\t<div class=\"elementor-column elementor-col-100 elementor-top-column elementor-element elementor-element-7b1dad3d sc_content_align_inherit sc_layouts_column_icons_position_left sc_fly_static\" data-id=\"7b1dad3d\" data-element_type=\"column\">\n\t\t\t<div class=\"elementor-widget-wrap elementor-element-populated\">\n\t\t\t\t\t\t<div class=\"elementor-element elementor-element-2dca9963 sc_height_huge sc_fly_static elementor-widget elementor-widget-spacer\" data-id=\"2dca9963\" data-element_type=\"widget\" data-widget_type=\"spacer.default\">\n\t\t\t\t<div class=\"elementor-widget-container\">\n\t\t\t\t\t\t\t<div class=\"elementor-spacer\">\n\t\t\t<div class=\"elementor-spacer-inner\"><\/div>\n\t\t<\/div>\n\t\t\t\t\t\t<\/div>\n\t\t\t\t<\/div>\n\t\t\t\t<div class=\"elementor-element elementor-element-3f7e0f33 sc_fly_static elementor-widget elementor-widget-trx_sc_title\" data-id=\"3f7e0f33\" data-element_type=\"widget\" data-widget_type=\"trx_sc_title.default\">\n\t\t\t\t<div class=\"elementor-widget-container\">\n\t\t\t\t\t<div\t\tclass=\"sc_title sc_title_default\" ><span class=\"sc_item_subtitle sc_title_subtitle sc_item_subtitle_above sc_item_title_style_default\">Na kontaktoni<\/span><h1 class=\"sc_item_title sc_title_title sc_item_title_style_default sc_item_title_tag\"\n\t\t\t><span class=\"sc_item_title_text\">Ne jemi k\u00ebtu p\u00ebr t'ju ndihmuar<\/span><\/h1><div class=\"sc_item_descr sc_title_descr\"><p>Keni nj\u00eb pyetje apo keni nevoj\u00eb p\u00ebr ndihm\u00eb? Pavar\u00ebsisht n\u00ebse po k\u00ebrkoni t\u00eb transformoni hap\u00ebsir\u00ebn tuaj me materialet tona premium ose thjesht d\u00ebshironi t\u00eb m\u00ebsoni m\u00eb shum\u00eb rreth asaj q\u00eb ne ofrojm\u00eb, ekipi yn\u00eb \u00ebsht\u00eb gati t'ju mb\u00ebshtes\u00eb. <\/p>\n<\/div><\/div>\t\t\t\t<\/div>\n\t\t\t\t<\/div>\n\t\t\t\t<div class=\"elementor-element elementor-element-b7be3be sc_fly_static elementor-widget elementor-widget-spacer\" data-id=\"b7be3be\" data-element_type=\"widget\" data-widget_type=\"spacer.default\">\n\t\t\t\t<div class=\"elementor-widget-container\">\n\t\t\t\t\t\t\t<div class=\"elementor-spacer\">\n\t\t\t<div class=\"elementor-spacer-inner\"><\/div>\n\t\t<\/div>\n\t\t\t\t\t\t<\/div>\n\t\t\t\t<\/div>\n\t\t\t\t<section class=\"elementor-section elementor-inner-section elementor-element elementor-element-5ae49e57 elementor-section-boxed elementor-section-height-default elementor-section-height-default sc_fly_static\" data-id=\"5ae49e57\" data-element_type=\"section\">\n\t\t\t\t\t\t<div class=\"elementor-container elementor-column-gap-custom\">\n\t\t\t\t\t<div class=\"elementor-column elementor-col-33 elementor-inner-column elementor-element elementor-element-30a8b690 sc_content_align_inherit sc_layouts_column_icons_position_left sc_fly_static\" data-id=\"30a8b690\" data-element_type=\"column\">\n\t\t\t<div class=\"elementor-widget-wrap elementor-element-populated\">\n\t\t\t\t\t\t<div class=\"elementor-element elementor-element-298db9b5 sc_fly_static elementor-widget elementor-widget-trx_sc_icons\" data-id=\"298db9b5\" data-element_type=\"widget\" data-widget_type=\"trx_sc_icons.default\">\n\t\t\t\t<div class=\"elementor-widget-container\">\n\t\t\t\t\t<div \tclass=\"sc_icons sc_icons_bordered sc_icons_size_small sc_align_none\" ><div class=\"sc_icons_item\"><div class=\"sc_icons_item_details\"><h4 class=\"sc_icons_item_title\"><span>Adresa<\/span><\/h4><div class=\"sc_icons_item_description\"><span>Shqip\u00ebria -<\/span><span> Rruga Asti Nushi, Shkozet, Durr\u00ebs<\/span><\/div><\/div><\/div><\/div><!-- \/.sc_icons -->\t\t\t\t<\/div>\n\t\t\t\t<\/div>\n\t\t\t\t\t<\/div>\n\t\t<\/div>\n\t\t\t\t<div class=\"elementor-column elementor-col-33 elementor-inner-column elementor-element elementor-element-2097ef0 sc_content_align_inherit sc_layouts_column_icons_position_left sc_fly_static\" data-id=\"2097ef0\" data-element_type=\"column\">\n\t\t\t<div class=\"elementor-widget-wrap elementor-element-populated\">\n\t\t\t\t\t\t<div class=\"elementor-element elementor-element-efb3645 sc_fly_static elementor-widget elementor-widget-heading\" data-id=\"efb3645\" data-element_type=\"widget\" data-widget_type=\"heading.default\">\n\t\t\t\t<div class=\"elementor-widget-container\">\n\t\t\t\t\t<h2 class=\"elementor-heading-title elementor-size-default\">Detajet e Kontaktit<\/h2>\t\t\t\t<\/div>\n\t\t\t\t<\/div>\n\t\t\t\t<div class=\"elementor-element elementor-element-a16de64 sc_fly_static elementor-widget elementor-widget-heading\" data-id=\"a16de64\" data-element_type=\"widget\" data-widget_type=\"heading.default\">\n\t\t\t\t<div class=\"elementor-widget-container\">\n\t\t\t\t\t<h2 class=\"elementor-heading-title elementor-size-default\"><a href=\"mailto:info@kristimermer.com\">info@kristimer.com<\/a><\/h2>\t\t\t\t<\/div>\n\t\t\t\t<\/div>\n\t\t\t\t<div class=\"elementor-element elementor-element-e34c7ca sc_fly_static elementor-widget elementor-widget-heading\" data-id=\"e34c7ca\" data-element_type=\"widget\" data-widget_type=\"heading.default\">\n\t\t\t\t<div class=\"elementor-widget-container\">\n\t\t\t\t\t<h2 class=\"elementor-heading-title elementor-size-default\"><a href=\"tel:+355694044944\">+355 69 404 4944<\/a><\/h2>\t\t\t\t<\/div>\n\t\t\t\t<\/div>\n\t\t\t\t<div class=\"elementor-element elementor-element-c627bf9 sc_fly_static elementor-widget elementor-widget-heading\" data-id=\"c627bf9\" data-element_type=\"widget\" data-widget_type=\"heading.default\">\n\t\t\t\t<div class=\"elementor-widget-container\">\n\t\t\t\t\t<h2 class=\"elementor-heading-title elementor-size-default\"><a href=\"tel:+355692070000\">+355 69 207 0000<\/a><\/h2>\t\t\t\t<\/div>\n\t\t\t\t<\/div>\n\t\t\t\t\t<\/div>\n\t\t<\/div>\n\t\t\t\t<div class=\"elementor-column elementor-col-33 elementor-inner-column elementor-element elementor-element-c888cb4 sc_content_align_inherit sc_layouts_column_icons_position_left sc_fly_static\" data-id=\"c888cb4\" data-element_type=\"column\">\n\t\t\t<div class=\"elementor-widget-wrap elementor-element-populated\">\n\t\t\t\t\t\t<div class=\"elementor-element elementor-element-7c0c1e1 sc_fly_static elementor-widget elementor-widget-trx_sc_icons\" data-id=\"7c0c1e1\" data-element_type=\"widget\" data-widget_type=\"trx_sc_icons.default\">\n\t\t\t\t<div class=\"elementor-widget-container\">\n\t\t\t\t\t<div \tclass=\"sc_icons sc_icons_bordered sc_icons_size_small sc_align_none\" ><div class=\"sc_icons_item\"><div class=\"sc_icons_item_details\"><h4 class=\"sc_icons_item_title\"><span>Rrjetet Sociale<\/span><\/h4><div class=\"sc_icons_item_description\"><span><a href=\"https:\/\/www.facebook.com\/p\/Kristi-P-Shpk-100082999909267\/?locale=sq_AL\">Facebook<\/a><\/span><span><\/span><span> <a href=\"https:\/\/www.instagram.com\/kristi_mermer\/\">Instagram<\/a><\/span><span><\/span><span> <a href=\"https:\/\/www.tiktok.com\/@kristi_mermer?_t=ZM-8vk46vijZ83&amp;_r=1\">TikTok<\/a><\/span><\/div><\/div><\/div><\/div><!-- \/.sc_icons -->\t\t\t\t<\/div>\n\t\t\t\t<\/div>\n\t\t\t\t\t<\/div>\n\t\t<\/div>\n\t\t\t\t\t<\/div>\n\t\t<\/section>\n\t\t\t\t<div class=\"elementor-element elementor-element-6cd43083 sc_height_huge sc_fly_static elementor-widget elementor-widget-spacer\" data-id=\"6cd43083\" data-element_type=\"widget\" data-widget_type=\"spacer.default\">\n\t\t\t\t<div class=\"elementor-widget-container\">\n\t\t\t\t\t\t\t<div class=\"elementor-spacer\">\n\t\t\t<div class=\"elementor-spacer-inner\"><\/div>\n\t\t<\/div>\n\t\t\t\t\t\t<\/div>\n\t\t\t\t<\/div>\n\t\t\t\t\t<\/div>\n\t\t<\/div>\n\t\t\t\t\t<\/div>\n\t\t<\/section>\n\t\t\t\t<section class=\"elementor-section elementor-top-section elementor-element elementor-element-5e83ae69 elementor-section-full_width elementor-section-height-default elementor-section-height-default sc_fly_static\" data-id=\"5e83ae69\" data-element_type=\"section\">\n\t\t\t\t\t\t<div class=\"elementor-container elementor-column-gap-no\">\n\t\t\t\t\t<div class=\"elementor-column elementor-col-100 elementor-top-column elementor-element elementor-element-20ffe249 sc_content_align_inherit sc_layouts_column_icons_position_left sc_fly_static\" data-id=\"20ffe249\" data-element_type=\"column\">\n\t\t\t<div class=\"elementor-widget-wrap elementor-element-populated\">\n\t\t\t\t\t\t<div class=\"elementor-element elementor-element-593df8f6 sc_fly_static elementor-widget elementor-widget-trx_sc_googlemap\" data-id=\"593df8f6\" data-element_type=\"widget\" data-widget_type=\"trx_sc_googlemap.default\">\n\t\t\t\t<div class=\"elementor-widget-container\">\n\t\t\t\t\t<div id=\"sc_googlemap_1705665682_wrap\" class=\"sc_googlemap_wrap\"><div id=\"sc_googlemap_1705665682\"\t\t\tclass=\"sc_item_content sc_map sc_googlemap sc_googlemap_default trx_addons_inline_2079247992\"\n\t\t\t \t\t\tdata-zoom=\"15\"\n\t\t\tdata-center=\"\"\n\t\t\tdata-style=\"extra\"\n\t\t\tdata-cluster-icon=\"\"\n\t\t\t><iframe\n\t\t\t\t\t\tsrc=\"https:\/\/maps.google.com\/maps?t=m&output=embed&iwloc=near&z=15&q=41%C2%B019%2713.6%22N+19%C2%B028%2744.9%22E\"\n\t\t\t\t\t\taria-label=\"\"><\/iframe><\/div><\/div>\t\t\t\t<\/div>\n\t\t\t\t<\/div>\n\t\t\t\t\t<\/div>\n\t\t<\/div>\n\t\t\t\t\t<\/div>\n\t\t<\/section>\n\t\t\t\t<section class=\"elementor-section elementor-top-section elementor-element elementor-element-349f7da elementor-section-boxed elementor-section-height-default elementor-section-height-default sc_fly_static\" data-id=\"349f7da\" data-element_type=\"section\">\n\t\t\t\t\t\t<div class=\"elementor-container elementor-column-gap-extended\">\n\t\t\t\t\t<div class=\"elementor-column elementor-col-100 elementor-top-column elementor-element elementor-element-8a05acd sc_content_align_inherit sc_layouts_column_icons_position_left sc_fly_static\" data-id=\"8a05acd\" data-element_type=\"column\">\n\t\t\t<div class=\"elementor-widget-wrap elementor-element-populated\">\n\t\t\t\t\t\t<div class=\"elementor-element elementor-element-0e48d96 sc_height_huge sc_fly_static elementor-widget elementor-widget-spacer\" data-id=\"0e48d96\" data-element_type=\"widget\" data-widget_type=\"spacer.default\">\n\t\t\t\t<div class=\"elementor-widget-container\">\n\t\t\t\t\t\t\t<div class=\"elementor-spacer\">\n\t\t\t<div class=\"elementor-spacer-inner\"><\/div>\n\t\t<\/div>\n\t\t\t\t\t\t<\/div>\n\t\t\t\t<\/div>\n\t\t\t\t\t<\/div>\n\t\t<\/div>\n\t\t\t\t\t<\/div>\n\t\t<\/section>\n\t\t\t\t<\/div>\n\t\t","protected":false},"excerpt":{"rendered":"<p>Na kontaktoni Ne jemi k\u00ebtu p\u00ebr t&#8217;ju ndihmuar Keni nj\u00eb pyetje apo keni nevoj\u00eb p\u00ebr ndihm\u00eb? Pavar\u00ebsisht n\u00ebse po k\u00ebrkoni t\u00eb transformoni hap\u00ebsir\u00ebn tuaj me materialet tona premium ose thjesht&hellip;<\/p>\n","protected":false},"author":1,"featured_media":0,"parent":0,"menu_order":0,"comment_status":"closed","ping_status":"closed","template":"","meta":{"footnotes":""},"class_list":["post-38582","page","type-page","status-publish","hentry"],"_links":{"self":[{"href":"https:\/\/kristimermer.com\/sq\/wp-json\/wp\/v2\/pages\/38582","targetHints":{"allow":["GET"]}}],"collection":[{"href":"https:\/\/kristimermer.com\/sq\/wp-json\/wp\/v2\/pages"}],"about":[{"href":"https:\/\/kristimermer.com\/sq\/wp-json\/wp\/v2\/types\/page"}],"author":[{"embeddable":true,"href":"https:\/\/kristimermer.com\/sq\/wp-json\/wp\/v2\/users\/1"}],"replies":[{"embeddable":true,"href":"https:\/\/kristimermer.com\/sq\/wp-json\/wp\/v2\/comments?post=38582"}],"version-history":[{"count":16,"href":"https:\/\/kristimermer.com\/sq\/wp-json\/wp\/v2\/pages\/38582\/revisions"}],"predecessor-version":[{"id":38731,"href":"https:\/\/kristimermer.com\/sq\/wp-json\/wp\/v2\/pages\/38582\/revisions\/38731"}],"wp:attachment":[{"href":"https:\/\/kristimermer.com\/sq\/wp-json\/wp\/v2\/media?parent=38582"}],"curies":[{"name":"wp","href":"https:\/\/api.w.org\/{rel}","templated":true}]}}