{"id":38584,"date":"2023-08-22T15:31:12","date_gmt":"2023-08-22T15:31:12","guid":{"rendered":"https:\/\/kristimermer.com\/rreth-nesh\/"},"modified":"2025-04-22T15:51:20","modified_gmt":"2025-04-22T15:51:20","slug":"rreth-nesh","status":"publish","type":"page","link":"https:\/\/kristimermer.com\/sq\/rreth-nesh\/","title":{"rendered":"Rreth Nesh"},"content":{"rendered":"\t\t<div data-elementor-type=\"wp-page\" data-elementor-id=\"38584\" class=\"elementor elementor-38584 elementor-32384\" data-elementor-post-type=\"page\">\n\t\t\t\t\t\t<section class=\"elementor-section elementor-top-section elementor-element elementor-element-6379d8a elementor-section-boxed elementor-section-height-default elementor-section-height-default sc_fly_static\" data-id=\"6379d8a\" data-element_type=\"section\">\n\t\t\t\t\t\t<div class=\"elementor-container elementor-column-gap-extended\">\n\t\t\t\t\t<div class=\"elementor-column elementor-col-100 elementor-top-column elementor-element elementor-element-752510a sc_content_align_inherit sc_layouts_column_icons_position_left sc_fly_static\" data-id=\"752510a\" data-element_type=\"column\">\n\t\t\t<div class=\"elementor-widget-wrap elementor-element-populated\">\n\t\t\t\t\t\t<div class=\"elementor-element elementor-element-f8830dd sc_height_huge sc_fly_static elementor-widget elementor-widget-spacer\" data-id=\"f8830dd\" data-element_type=\"widget\" data-widget_type=\"spacer.default\">\n\t\t\t\t<div class=\"elementor-widget-container\">\n\t\t\t\t\t\t\t<div class=\"elementor-spacer\">\n\t\t\t<div class=\"elementor-spacer-inner\"><\/div>\n\t\t<\/div>\n\t\t\t\t\t\t<\/div>\n\t\t\t\t<\/div>\n\t\t\t\t\t<\/div>\n\t\t<\/div>\n\t\t\t\t\t<\/div>\n\t\t<\/section>\n\t\t\t\t<section class=\"elementor-section elementor-top-section elementor-element elementor-element-47a27ef1 elementor-section-boxed elementor-section-height-default elementor-section-height-default sc_fly_static\" data-id=\"47a27ef1\" data-element_type=\"section\">\n\t\t\t\t\t\t<div class=\"elementor-container elementor-column-gap-extended\">\n\t\t\t\t\t<div class=\"elementor-column elementor-col-50 elementor-top-column elementor-element elementor-element-4c724ecf sc_content_align_inherit sc_layouts_column_icons_position_left sc_fly_static\" data-id=\"4c724ecf\" data-element_type=\"column\">\n\t\t\t<div class=\"elementor-widget-wrap elementor-element-populated\">\n\t\t\t\t\t\t<section class=\"elementor-section elementor-inner-section elementor-element elementor-element-2974f4cd elementor-section-boxed elementor-section-height-default elementor-section-height-default sc_fly_static\" data-id=\"2974f4cd\" data-element_type=\"section\">\n\t\t\t\t\t\t<div class=\"elementor-container elementor-column-gap-no\">\n\t\t\t\t\t<div class=\"elementor-column elementor-col-100 elementor-inner-column elementor-element elementor-element-7c0ab190 sc_content_align_inherit sc_layouts_column_icons_position_left sc_fly_static\" data-id=\"7c0ab190\" data-element_type=\"column\">\n\t\t\t<div class=\"elementor-widget-wrap elementor-element-populated\">\n\t\t\t\t\t\t<div class=\"elementor-element elementor-element-3ed63b93 no-title sc_fly_static elementor-widget elementor-widget-image\" data-id=\"3ed63b93\" data-element_type=\"widget\" data-widget_type=\"image.default\">\n\t\t\t\t<div class=\"elementor-widget-container\">\n\t\t\t\t\t\t\t\t\t\t\t\t\t\t\t<img decoding=\"async\" src=\"https:\/\/kristimermer.com\/wp-content\/uploads\/elementor\/thumbs\/red-cracked-marble-textured-background-qy9tpfq6rl52ghsa3fa37h6vtgbixm4ppq3cbv29uu.jpg\" title=\"red-cracked-marble-textured-background\" alt=\"red-cracked-marble-textured-background\" loading=\"lazy\" \/>\t\t\t\t\t\t\t\t\t\t\t\t\t\t\t<\/div>\n\t\t\t\t<\/div>\n\t\t\t\t\t<\/div>\n\t\t<\/div>\n\t\t\t\t\t<\/div>\n\t\t<\/section>\n\t\t\t\t\t<\/div>\n\t\t<\/div>\n\t\t\t\t<div class=\"elementor-column elementor-col-50 elementor-top-column elementor-element elementor-element-51e948b8 sc_content_align_inherit sc_layouts_column_icons_position_left sc_fly_static\" data-id=\"51e948b8\" data-element_type=\"column\">\n\t\t\t<div class=\"elementor-widget-wrap elementor-element-populated\">\n\t\t\t\t\t\t<div class=\"elementor-element elementor-element-50b97707 sc_fly_static elementor-widget elementor-widget-trx_sc_title\" data-id=\"50b97707\" data-element_type=\"widget\" data-widget_type=\"trx_sc_title.default\">\n\t\t\t\t<div class=\"elementor-widget-container\">\n\t\t\t\t\t<div\t\tclass=\"sc_title color_style_link3 sc_title_default\" ><span class=\"sc_item_subtitle sc_title_subtitle sc_item_subtitle_above sc_item_title_style_default\">KRISTI MERMER<\/span><h1 class=\"sc_item_title sc_title_title sc_item_title_style_default sc_item_title_tag\"\n\t\t\t><span class=\"sc_item_title_text\">Modele moderne, rehati pa koh\u00eb<\/span><\/h1><div class=\"sc_item_descr sc_title_descr sc_item_descr_with_custom_color trx_addons_inline_437240178\"><p>Q\u00eb nga themelimi yn\u00eb n\u00eb vitin 2000, Kristi Mermer i \u00ebsht\u00eb p\u00ebrkushtuar krijimit t\u00eb prodhimeve t\u00eb jasht\u00ebzakonshme prej guri q\u00eb rip\u00ebrcaktojn\u00eb eleganc\u00ebn. T\u00eb specializuar n\u00eb mermer, kuarc, travertin dhe oniks, ne p\u00ebrziejm\u00eb mjesht\u00ebrin\u00eb tradicionale me teknologjin\u00eb inovative p\u00ebr t\u00eb transformuar gurin e pap\u00ebrpunuar n\u00eb kryevepra mahnit\u00ebse si p\u00ebr hap\u00ebsirat e banimit ashtu edhe p\u00ebr ato komerciale. <\/p>\n<p>Ekipi yn\u00eb i artizan\u00ebve dhe stilist\u00ebve t\u00eb aft\u00eb \u00ebsht\u00eb i apasionuar pas \u00e7do projekti, duke siguruar q\u00eb \u00e7do krijim pasqyron angazhimin ton\u00eb t\u00eb pal\u00ebkundur ndaj cil\u00ebsis\u00eb, q\u00ebndrueshm\u00ebris\u00eb dhe bukuris\u00eb s\u00eb p\u00ebrjetshme. Me kalimin e viteve, ne kemi nd\u00ebrtuar nj\u00eb reputacion si nj\u00eb partner i besuar n\u00eb sektorin e mermerit, duke ofruar produkte q\u00eb jo vet\u00ebm p\u00ebrmir\u00ebsojn\u00eb mjedisin, por gjithashtu q\u00ebndrojn\u00eb si simbole t\u00eb q\u00ebndrueshme t\u00eb luksit dhe sofistikimit. <\/p>\n<p>N\u00eb Kristi MERMER, ne besojm\u00eb se guri natyror mbart nj\u00eb histori unike - nj\u00eb histori forcash, bukurie dhe trash\u00ebgimie. Ju ftojm\u00eb t\u00eb eksploroni portofolin ton\u00eb dhe t\u00eb zbuloni se si krijimet tona mund t\u00eb lart\u00ebsojn\u00eb hap\u00ebsir\u00ebn tuaj, duke bashkuar trash\u00ebgimin\u00eb me dizajnin modern p\u00ebr nj\u00eb p\u00ebrvoj\u00eb v\u00ebrtet t\u00eb jasht\u00ebzakonshme. <\/p>\n<\/div><\/div>\t\t\t\t<\/div>\n\t\t\t\t<\/div>\n\t\t\t\t\t<\/div>\n\t\t<\/div>\n\t\t\t\t\t<\/div>\n\t\t<\/section>\n\t\t\t\t<section class=\"elementor-section elementor-top-section elementor-element elementor-element-21f7e67 elementor-section-boxed elementor-section-height-default elementor-section-height-default sc_fly_static\" data-id=\"21f7e67\" data-element_type=\"section\">\n\t\t\t\t\t\t<div class=\"elementor-container elementor-column-gap-extended\">\n\t\t\t\t\t<div class=\"elementor-column elementor-col-50 elementor-top-column elementor-element elementor-element-769e5c2 sc_content_align_inherit sc_layouts_column_icons_position_left sc_fly_static\" data-id=\"769e5c2\" data-element_type=\"column\">\n\t\t\t<div class=\"elementor-widget-wrap elementor-element-populated\">\n\t\t\t\t\t\t<section class=\"elementor-section elementor-inner-section elementor-element elementor-element-c323452 elementor-section-boxed elementor-section-height-default elementor-section-height-default sc_fly_static\" data-id=\"c323452\" data-element_type=\"section\">\n\t\t\t\t\t\t<div class=\"elementor-container elementor-column-gap-no\">\n\t\t\t\t\t<div class=\"elementor-column elementor-col-100 elementor-inner-column elementor-element elementor-element-0296716 sc_content_align_inherit sc_layouts_column_icons_position_left sc_fly_static\" data-id=\"0296716\" data-element_type=\"column\">\n\t\t\t<div class=\"elementor-widget-wrap elementor-element-populated\">\n\t\t\t\t\t\t<div class=\"elementor-element elementor-element-f702780 sc_fly_static elementor-widget elementor-widget-heading\" data-id=\"f702780\" data-element_type=\"widget\" data-widget_type=\"heading.default\">\n\t\t\t\t<div class=\"elementor-widget-container\">\n\t\t\t\t\t<h2 class=\"elementor-heading-title elementor-size-default\">Misioni<\/h2>\t\t\t\t<\/div>\n\t\t\t\t<\/div>\n\t\t\t\t<div class=\"elementor-element elementor-element-b5c8fcc sc_fly_static elementor-widget elementor-widget-text-editor\" data-id=\"b5c8fcc\" data-element_type=\"widget\" data-widget_type=\"text-editor.default\">\n\t\t\t\t<div class=\"elementor-widget-container\">\n\t\t\t\t\t\t\t\t\t<p>T\u00eb krijojm\u00eb produkte t\u00eb jasht\u00ebzakonshme nga guri natyral, duke nd\u00ebrthurur mjesht\u00ebrin\u00eb tradicionale me inovacionin modern, p\u00ebr t\u00eb pasuruar hap\u00ebsirat banesore dhe komerciale me bukuri, cil\u00ebsi dhe eleganc\u00eb t\u00eb q\u00ebndrueshme.<\/p>\t\t\t\t\t\t\t\t<\/div>\n\t\t\t\t<\/div>\n\t\t\t\t\t<\/div>\n\t\t<\/div>\n\t\t\t\t\t<\/div>\n\t\t<\/section>\n\t\t\t\t<section class=\"elementor-section elementor-inner-section elementor-element elementor-element-9fada5d elementor-section-boxed elementor-section-height-default elementor-section-height-default sc_fly_static\" data-id=\"9fada5d\" data-element_type=\"section\">\n\t\t\t\t\t\t<div class=\"elementor-container elementor-column-gap-no\">\n\t\t\t\t\t<div class=\"elementor-column elementor-col-100 elementor-inner-column elementor-element elementor-element-332c01c sc_content_align_inherit sc_layouts_column_icons_position_left sc_fly_static\" data-id=\"332c01c\" data-element_type=\"column\">\n\t\t\t<div class=\"elementor-widget-wrap elementor-element-populated\">\n\t\t\t\t\t\t<div class=\"elementor-element elementor-element-c2e488d sc_fly_static elementor-widget elementor-widget-heading\" data-id=\"c2e488d\" data-element_type=\"widget\" data-widget_type=\"heading.default\">\n\t\t\t\t<div class=\"elementor-widget-container\">\n\t\t\t\t\t<h2 class=\"elementor-heading-title elementor-size-default\">Vizioni<\/h2>\t\t\t\t<\/div>\n\t\t\t\t<\/div>\n\t\t\t\t<div class=\"elementor-element elementor-element-61ce632 sc_fly_static elementor-widget elementor-widget-text-editor\" data-id=\"61ce632\" data-element_type=\"widget\" data-widget_type=\"text-editor.default\">\n\t\t\t\t<div class=\"elementor-widget-container\">\n\t\t\t\t\t\t\t\t\t<p class=\"\" data-start=\"875\" data-end=\"1157\">T\u00eb jemi nj\u00eb em\u00ebr udh\u00ebheq\u00ebs n\u00eb industrin\u00eb e gur\u00ebve natyral\u00eb, t\u00eb njohur p\u00ebr p\u00ebrkushtimin ton\u00eb ndaj artit, q\u00ebndrueshm\u00ebris\u00eb dhe dizajnit t\u00eb p\u00ebrjetsh\u00ebm \u2014 duke kthyer materialet e pap\u00ebrpunuara n\u00eb p\u00ebrvoja t\u00eb rafinuara q\u00eb festojn\u00eb trash\u00ebgimin\u00eb dhe frym\u00ebzojn\u00eb jetes\u00ebn moderne.<\/p>\t\t\t\t\t\t\t\t<\/div>\n\t\t\t\t<\/div>\n\t\t\t\t\t<\/div>\n\t\t<\/div>\n\t\t\t\t\t<\/div>\n\t\t<\/section>\n\t\t\t\t\t<\/div>\n\t\t<\/div>\n\t\t\t\t<div class=\"elementor-column elementor-col-50 elementor-top-column elementor-element elementor-element-f6b9d2a sc_content_align_inherit sc_layouts_column_icons_position_left sc_fly_static\" data-id=\"f6b9d2a\" data-element_type=\"column\">\n\t\t\t<div class=\"elementor-widget-wrap elementor-element-populated\">\n\t\t\t\t\t\t<div class=\"elementor-element elementor-element-aa0dc53 no-title sc_fly_static elementor-widget elementor-widget-image\" data-id=\"aa0dc53\" data-element_type=\"widget\" data-widget_type=\"image.default\">\n\t\t\t\t<div class=\"elementor-widget-container\">\n\t\t\t\t\t\t\t\t\t\t\t\t\t\t\t<img decoding=\"async\" src=\"https:\/\/kristimermer.com\/wp-content\/uploads\/elementor\/thumbs\/colorful-vertical-slabs-marble-1-scaled-qy9tqdkexv26e713py229e8jvd8ld30ctjcmkjs21g.jpg\" title=\"Colorful vertical slabs of marble\" alt=\"Colorful vertical slabs of marble\" loading=\"lazy\" \/>\t\t\t\t\t\t\t\t\t\t\t\t\t\t\t<\/div>\n\t\t\t\t<\/div>\n\t\t\t\t\t<\/div>\n\t\t<\/div>\n\t\t\t\t\t<\/div>\n\t\t<\/section>\n\t\t\t\t<section class=\"elementor-section elementor-top-section elementor-element elementor-element-8ced8b0 elementor-section-boxed elementor-section-height-default elementor-section-height-default sc_fly_static\" data-id=\"8ced8b0\" data-element_type=\"section\">\n\t\t\t\t\t\t<div class=\"elementor-container elementor-column-gap-extended\">\n\t\t\t\t\t<div class=\"elementor-column elementor-col-100 elementor-top-column elementor-element elementor-element-fd2703e sc_content_align_inherit sc_layouts_column_icons_position_left sc_fly_static\" data-id=\"fd2703e\" data-element_type=\"column\">\n\t\t\t<div class=\"elementor-widget-wrap elementor-element-populated\">\n\t\t\t\t\t\t<div class=\"elementor-element elementor-element-d990bd5 sc_height_huge sc_fly_static elementor-widget elementor-widget-spacer\" data-id=\"d990bd5\" data-element_type=\"widget\" data-widget_type=\"spacer.default\">\n\t\t\t\t<div class=\"elementor-widget-container\">\n\t\t\t\t\t\t\t<div class=\"elementor-spacer\">\n\t\t\t<div class=\"elementor-spacer-inner\"><\/div>\n\t\t<\/div>\n\t\t\t\t\t\t<\/div>\n\t\t\t\t<\/div>\n\t\t\t\t\t<\/div>\n\t\t<\/div>\n\t\t\t\t\t<\/div>\n\t\t<\/section>\n\t\t\t\t<section class=\"elementor-section elementor-top-section elementor-element elementor-element-14b985b elementor-section-boxed elementor-section-height-default elementor-section-height-default sc_fly_static\" data-id=\"14b985b\" data-element_type=\"section\">\n\t\t\t\t\t\t<div class=\"elementor-container elementor-column-gap-extended\">\n\t\t\t\t\t<div class=\"elementor-column elementor-col-25 elementor-top-column elementor-element elementor-element-e852af3 sc_content_align_inherit sc_layouts_column_icons_position_left sc_fly_static\" data-id=\"e852af3\" data-element_type=\"column\">\n\t\t\t<div class=\"elementor-widget-wrap elementor-element-populated\">\n\t\t\t\t\t\t<div class=\"elementor-element elementor-element-ee9ae8c sc_fly_static elementor-widget elementor-widget-counter\" data-id=\"ee9ae8c\" data-element_type=\"widget\" data-widget_type=\"counter.default\">\n\t\t\t\t<div class=\"elementor-widget-container\">\n\t\t\t\t\t\t\t<div class=\"elementor-counter\">\n\t\t\t<div class=\"elementor-counter-title\">Vite p\u00ebrvoj\u00eb<\/div>\t\t\t<div class=\"elementor-counter-number-wrapper\">\n\t\t\t\t<span class=\"elementor-counter-number-prefix\">+<\/span>\n\t\t\t\t<span class=\"elementor-counter-number\" data-duration=\"2000\" data-to-value=\"24\" data-from-value=\"0\" data-delimiter=\" \">0<\/span>\n\t\t\t\t<span class=\"elementor-counter-number-suffix\"><\/span>\n\t\t\t<\/div>\n\t\t<\/div>\n\t\t\t\t\t\t<\/div>\n\t\t\t\t<\/div>\n\t\t\t\t\t<\/div>\n\t\t<\/div>\n\t\t\t\t<div class=\"elementor-column elementor-col-25 elementor-top-column elementor-element elementor-element-42905f9 sc_content_align_inherit sc_layouts_column_icons_position_left sc_fly_static\" data-id=\"42905f9\" data-element_type=\"column\">\n\t\t\t<div class=\"elementor-widget-wrap elementor-element-populated\">\n\t\t\t\t\t\t<div class=\"elementor-element elementor-element-0bc924a sc_fly_static elementor-widget elementor-widget-counter\" data-id=\"0bc924a\" data-element_type=\"widget\" data-widget_type=\"counter.default\">\n\t\t\t\t<div class=\"elementor-widget-container\">\n\t\t\t\t\t\t\t<div class=\"elementor-counter\">\n\t\t\t<div class=\"elementor-counter-title\">Projekte t\u00eb p\u00ebrfunduara<\/div>\t\t\t<div class=\"elementor-counter-number-wrapper\">\n\t\t\t\t<span class=\"elementor-counter-number-prefix\">+<\/span>\n\t\t\t\t<span class=\"elementor-counter-number\" data-duration=\"2000\" data-to-value=\"1000\" data-from-value=\"0\" data-delimiter=\" \">0<\/span>\n\t\t\t\t<span class=\"elementor-counter-number-suffix\"><\/span>\n\t\t\t<\/div>\n\t\t<\/div>\n\t\t\t\t\t\t<\/div>\n\t\t\t\t<\/div>\n\t\t\t\t\t<\/div>\n\t\t<\/div>\n\t\t\t\t<div class=\"elementor-column elementor-col-25 elementor-top-column elementor-element elementor-element-ad5a040 sc_content_align_inherit sc_layouts_column_icons_position_left sc_fly_static\" data-id=\"ad5a040\" data-element_type=\"column\">\n\t\t\t<div class=\"elementor-widget-wrap elementor-element-populated\">\n\t\t\t\t\t\t<div class=\"elementor-element elementor-element-db707a3 sc_fly_static elementor-widget elementor-widget-counter\" data-id=\"db707a3\" data-element_type=\"widget\" data-widget_type=\"counter.default\">\n\t\t\t\t<div class=\"elementor-widget-container\">\n\t\t\t\t\t\t\t<div class=\"elementor-counter\">\n\t\t\t<div class=\"elementor-counter-title\">Lloje produktesh<\/div>\t\t\t<div class=\"elementor-counter-number-wrapper\">\n\t\t\t\t<span class=\"elementor-counter-number-prefix\">+<\/span>\n\t\t\t\t<span class=\"elementor-counter-number\" data-duration=\"2000\" data-to-value=\"500\" data-from-value=\"0\" data-delimiter=\" \">0<\/span>\n\t\t\t\t<span class=\"elementor-counter-number-suffix\"><\/span>\n\t\t\t<\/div>\n\t\t<\/div>\n\t\t\t\t\t\t<\/div>\n\t\t\t\t<\/div>\n\t\t\t\t\t<\/div>\n\t\t<\/div>\n\t\t\t\t<div class=\"elementor-column elementor-col-25 elementor-top-column elementor-element elementor-element-e2f6ea9 sc_content_align_inherit sc_layouts_column_icons_position_left sc_fly_static\" data-id=\"e2f6ea9\" data-element_type=\"column\">\n\t\t\t<div class=\"elementor-widget-wrap elementor-element-populated\">\n\t\t\t\t\t\t<div class=\"elementor-element elementor-element-d0f26ea sc_fly_static elementor-widget elementor-widget-counter\" data-id=\"d0f26ea\" data-element_type=\"widget\" data-widget_type=\"counter.default\">\n\t\t\t\t<div class=\"elementor-widget-container\">\n\t\t\t\t\t\t\t<div class=\"elementor-counter\">\n\t\t\t<div class=\"elementor-counter-title\">Punonj\u00ebs<\/div>\t\t\t<div class=\"elementor-counter-number-wrapper\">\n\t\t\t\t<span class=\"elementor-counter-number-prefix\">+<\/span>\n\t\t\t\t<span class=\"elementor-counter-number\" data-duration=\"2000\" data-to-value=\"30\" data-from-value=\"0\" data-delimiter=\" \">0<\/span>\n\t\t\t\t<span class=\"elementor-counter-number-suffix\"><\/span>\n\t\t\t<\/div>\n\t\t<\/div>\n\t\t\t\t\t\t<\/div>\n\t\t\t\t<\/div>\n\t\t\t\t\t<\/div>\n\t\t<\/div>\n\t\t\t\t\t<\/div>\n\t\t<\/section>\n\t\t\t\t<\/div>\n\t\t","protected":false},"excerpt":{"rendered":"<p>KRISTI MERMER Modele moderne, rehati pa koh\u00eb Q\u00eb nga themelimi yn\u00eb n\u00eb vitin 2000, Kristi Mermer i \u00ebsht\u00eb p\u00ebrkushtuar krijimit t\u00eb prodhimeve t\u00eb jasht\u00ebzakonshme prej guri q\u00eb rip\u00ebrcaktojn\u00eb eleganc\u00ebn. T\u00eb&hellip;<\/p>\n","protected":false},"author":1,"featured_media":0,"parent":0,"menu_order":0,"comment_status":"closed","ping_status":"closed","template":"","meta":{"footnotes":""},"class_list":["post-38584","page","type-page","status-publish","hentry"],"_links":{"self":[{"href":"https:\/\/kristimermer.com\/sq\/wp-json\/wp\/v2\/pages\/38584","targetHints":{"allow":["GET"]}}],"collection":[{"href":"https:\/\/kristimermer.com\/sq\/wp-json\/wp\/v2\/pages"}],"about":[{"href":"https:\/\/kristimermer.com\/sq\/wp-json\/wp\/v2\/types\/page"}],"author":[{"embeddable":true,"href":"https:\/\/kristimermer.com\/sq\/wp-json\/wp\/v2\/users\/1"}],"replies":[{"embeddable":true,"href":"https:\/\/kristimermer.com\/sq\/wp-json\/wp\/v2\/comments?post=38584"}],"version-history":[{"count":14,"href":"https:\/\/kristimermer.com\/sq\/wp-json\/wp\/v2\/pages\/38584\/revisions"}],"predecessor-version":[{"id":38682,"href":"https:\/\/kristimermer.com\/sq\/wp-json\/wp\/v2\/pages\/38584\/revisions\/38682"}],"wp:attachment":[{"href":"https:\/\/kristimermer.com\/sq\/wp-json\/wp\/v2\/media?parent=38584"}],"curies":[{"name":"wp","href":"https:\/\/api.w.org\/{rel}","templated":true}]}}