{"id":38585,"date":"2023-08-22T15:31:35","date_gmt":"2023-08-22T15:31:35","guid":{"rendered":"https:\/\/kristimermer.com\/sherbimet-tona\/"},"modified":"2025-04-22T15:59:14","modified_gmt":"2025-04-22T15:59:14","slug":"sherbimet-tona","status":"publish","type":"page","link":"https:\/\/kristimermer.com\/sq\/sherbimet-tona\/","title":{"rendered":"Sh\u00ebrbimet tona"},"content":{"rendered":"\t\t<div data-elementor-type=\"wp-page\" data-elementor-id=\"38585\" class=\"elementor elementor-38585 elementor-32386\" data-elementor-post-type=\"page\">\n\t\t\t\t\t\t<section class=\"elementor-section-with-custom-width elementor-section elementor-top-section elementor-element elementor-element-4500dca elementor-section-boxed elementor-section-height-default elementor-section-height-default sc_fly_static\" data-id=\"4500dca\" data-element_type=\"section\">\n\t\t\t\t\t\t<div class=\"elementor-container elementor-column-gap-extended\">\n\t\t\t\t\t<div class=\"elementor-column elementor-col-100 elementor-top-column elementor-element elementor-element-4f7ffa2 sc_content_align_inherit sc_layouts_column_icons_position_left sc_fly_static\" data-id=\"4f7ffa2\" data-element_type=\"column\">\n\t\t\t<div class=\"elementor-widget-wrap elementor-element-populated\">\n\t\t\t\t\t\t<div class=\"elementor-element elementor-element-674efb1 sc_fly_static elementor-widget elementor-widget-heading\" data-id=\"674efb1\" data-element_type=\"widget\" data-widget_type=\"heading.default\">\n\t\t\t\t<div class=\"elementor-widget-container\">\n\t\t\t\t\t<h2 class=\"elementor-heading-title elementor-size-default\">Sh\u00ebrbimet tona<\/h2>\t\t\t\t<\/div>\n\t\t\t\t<\/div>\n\t\t\t\t<div class=\"elementor-element elementor-element-b83d8ab sc_fly_static elementor-widget elementor-widget-text-editor\" data-id=\"b83d8ab\" data-element_type=\"widget\" data-widget_type=\"text-editor.default\">\n\t\t\t\t<div class=\"elementor-widget-container\">\n\t\t\t\t\t\t\t\t\tN\u00eb Kristi Mermer, ne ofrojm\u00eb nj\u00eb p\u00ebrvoj\u00eb t\u00eb plot\u00eb sh\u00ebrbimi p\u00ebr klient\u00ebt tan\u00eb, duke siguruar nj\u00eb udh\u00ebtim pa probleme<br> nga k\u00ebrkimi n\u00eb instalim. Ja \u00e7far\u00eb mund t\u00eb prisni kur punoni me ne: \t\t\t\t\t\t\t\t<\/div>\n\t\t\t\t<\/div>\n\t\t\t\t\t<\/div>\n\t\t<\/div>\n\t\t\t\t\t<\/div>\n\t\t<\/section>\n\t\t\t\t<section class=\"elementor-section-with-custom-width elementor-section elementor-top-section elementor-element elementor-element-3e1f558 elementor-section-boxed elementor-section-height-default elementor-section-height-default sc_fly_static\" data-id=\"3e1f558\" data-element_type=\"section\">\n\t\t\t\t\t\t<div class=\"elementor-container elementor-column-gap-default\">\n\t\t\t\t\t<div class=\"elementor-column elementor-col-66 elementor-top-column elementor-element elementor-element-666d64f sc_content_align_inherit sc_layouts_column_icons_position_left sc_fly_static\" data-id=\"666d64f\" data-element_type=\"column\">\n\t\t\t<div class=\"elementor-widget-wrap elementor-element-populated\">\n\t\t\t\t\t\t<div class=\"elementor-element elementor-element-29fbfc1 sc_fly_static elementor-widget elementor-widget-heading\" data-id=\"29fbfc1\" data-element_type=\"widget\" data-widget_type=\"heading.default\">\n\t\t\t\t<div class=\"elementor-widget-container\">\n\t\t\t\t\t<h2 class=\"elementor-heading-title elementor-size-default\">Konsultimi &amp; Materiali<\/h2>\t\t\t\t<\/div>\n\t\t\t\t<\/div>\n\t\t\t\t<div class=\"elementor-element elementor-element-00af236 sc_fly_static elementor-widget elementor-widget-text-editor\" data-id=\"00af236\" data-element_type=\"widget\" data-widget_type=\"text-editor.default\">\n\t\t\t\t<div class=\"elementor-widget-container\">\n\t\t\t\t\t\t\t\t\t<p>Ne fillojm\u00eb duke kuptuar me kujdes tuajin<br> nevojave dhe vizionit. Ekipi yn\u00eb i ekspert\u00ebve do t&#8217;ju udh\u00ebheq\u00eb p\u00ebrmes p\u00ebrzgjedhjes son\u00eb t\u00eb gjer\u00eb t\u00eb materialeve, ngjyrave dhe teksturave, duke ju ndihmuar t\u00eb zgjidhni cop\u00ebn e p\u00ebrsosur t\u00eb gurit &#8211; qofshin mermer, granit, kuarc, travertin ose oniks t\u00eb p\u00ebrshtatur me hap\u00ebsir\u00ebn dhe preferencat tuaja estetike. <\/p>\t\t\t\t\t\t\t\t<\/div>\n\t\t\t\t<\/div>\n\t\t\t\t\t<\/div>\n\t\t<\/div>\n\t\t\t\t<div class=\"elementor-column elementor-col-33 elementor-top-column elementor-element elementor-element-39b908d sc_content_align_inherit sc_layouts_column_icons_position_left sc_fly_static\" data-id=\"39b908d\" data-element_type=\"column\">\n\t\t\t<div class=\"elementor-widget-wrap elementor-element-populated\">\n\t\t\t\t\t\t<div class=\"elementor-element elementor-element-ce28f6e sc_fly_static elementor-widget elementor-widget-image\" data-id=\"ce28f6e\" data-element_type=\"widget\" data-widget_type=\"image.default\">\n\t\t\t\t<div class=\"elementor-widget-container\">\n\t\t\t\t\t\t\t\t\t\t\t\t\t\t\t<img fetchpriority=\"high\" decoding=\"async\" width=\"1024\" height=\"719\" src=\"https:\/\/kristimermer.com\/wp-content\/uploads\/2025\/04\/1747-1024x719.jpg\" class=\"attachment-large size-large wp-image-37744\" alt=\"\" srcset=\"https:\/\/kristimermer.com\/wp-content\/uploads\/2025\/04\/1747-1024x719.jpg 1024w, https:\/\/kristimermer.com\/wp-content\/uploads\/2025\/04\/1747-300x211.jpg 300w, https:\/\/kristimermer.com\/wp-content\/uploads\/2025\/04\/1747-768x539.jpg 768w, https:\/\/kristimermer.com\/wp-content\/uploads\/2025\/04\/1747-1536x1078.jpg 1536w, https:\/\/kristimermer.com\/wp-content\/uploads\/2025\/04\/1747-370x260.jpg 370w, https:\/\/kristimermer.com\/wp-content\/uploads\/2025\/04\/1747-840x590.jpg 840w, https:\/\/kristimermer.com\/wp-content\/uploads\/2025\/04\/1747-410x288.jpg 410w, https:\/\/kristimermer.com\/wp-content\/uploads\/2025\/04\/1747.jpg 2000w\" sizes=\"(max-width: 1024px) 100vw, 1024px\" \/>\t\t\t\t\t\t\t\t\t\t\t\t\t\t\t<\/div>\n\t\t\t\t<\/div>\n\t\t\t\t\t<\/div>\n\t\t<\/div>\n\t\t\t\t\t<\/div>\n\t\t<\/section>\n\t\t\t\t<section class=\"elementor-section-with-custom-width elementor-section elementor-top-section elementor-element elementor-element-16c4ea7 elementor-section-boxed elementor-section-height-default elementor-section-height-default sc_fly_static\" data-id=\"16c4ea7\" data-element_type=\"section\">\n\t\t\t\t\t\t<div class=\"elementor-container elementor-column-gap-default\">\n\t\t\t\t\t<div class=\"elementor-column elementor-col-33 elementor-top-column elementor-element elementor-element-19334df sc_content_align_inherit sc_layouts_column_icons_position_left sc_fly_static\" data-id=\"19334df\" data-element_type=\"column\">\n\t\t\t<div class=\"elementor-widget-wrap elementor-element-populated\">\n\t\t\t\t\t\t<div class=\"elementor-element elementor-element-3fe4a3f sc_fly_static elementor-widget elementor-widget-image\" data-id=\"3fe4a3f\" data-element_type=\"widget\" data-widget_type=\"image.default\">\n\t\t\t\t<div class=\"elementor-widget-container\">\n\t\t\t\t\t\t\t\t\t\t\t\t\t\t\t<img decoding=\"async\" width=\"1024\" height=\"719\" src=\"https:\/\/kristimermer.com\/wp-content\/uploads\/2025\/04\/1747-1-1024x719.jpg\" class=\"attachment-large size-large wp-image-37745\" alt=\"\" srcset=\"https:\/\/kristimermer.com\/wp-content\/uploads\/2025\/04\/1747-1-1024x719.jpg 1024w, https:\/\/kristimermer.com\/wp-content\/uploads\/2025\/04\/1747-1-300x211.jpg 300w, https:\/\/kristimermer.com\/wp-content\/uploads\/2025\/04\/1747-1-768x539.jpg 768w, https:\/\/kristimermer.com\/wp-content\/uploads\/2025\/04\/1747-1-1536x1078.jpg 1536w, https:\/\/kristimermer.com\/wp-content\/uploads\/2025\/04\/1747-1-370x260.jpg 370w, https:\/\/kristimermer.com\/wp-content\/uploads\/2025\/04\/1747-1-840x590.jpg 840w, https:\/\/kristimermer.com\/wp-content\/uploads\/2025\/04\/1747-1-410x288.jpg 410w, https:\/\/kristimermer.com\/wp-content\/uploads\/2025\/04\/1747-1.jpg 2000w\" sizes=\"(max-width: 1024px) 100vw, 1024px\" \/>\t\t\t\t\t\t\t\t\t\t\t\t\t\t\t<\/div>\n\t\t\t\t<\/div>\n\t\t\t\t\t<\/div>\n\t\t<\/div>\n\t\t\t\t<div class=\"elementor-column elementor-col-66 elementor-top-column elementor-element elementor-element-87a3d5e sc_content_align_inherit sc_layouts_column_icons_position_left sc_fly_static\" data-id=\"87a3d5e\" data-element_type=\"column\">\n\t\t\t<div class=\"elementor-widget-wrap elementor-element-populated\">\n\t\t\t\t\t\t<div class=\"elementor-element elementor-element-6a94bec sc_fly_static elementor-widget elementor-widget-heading\" data-id=\"6a94bec\" data-element_type=\"widget\" data-widget_type=\"heading.default\">\n\t\t\t\t<div class=\"elementor-widget-container\">\n\t\t\t\t\t<h2 class=\"elementor-heading-title elementor-size-default\">Matjet e sakta dhe personalizimi<\/h2>\t\t\t\t<\/div>\n\t\t\t\t<\/div>\n\t\t\t\t<div class=\"elementor-element elementor-element-3b247df sc_fly_static elementor-widget elementor-widget-text-editor\" data-id=\"3b247df\" data-element_type=\"widget\" data-widget_type=\"text-editor.default\">\n\t\t\t\t<div class=\"elementor-widget-container\">\n\t\t\t\t\t\t\t\t\t<p>Pasi t\u00eb keni zgjedhur materialin, profesionist\u00ebt tan\u00eb t\u00eb p\u00ebrkushtuar do t\u00eb b\u00ebjn\u00eb matje t\u00eb sakta n\u00eb hap\u00ebsir\u00ebn tuaj, duke u siguruar q\u00eb produkti p\u00ebrfundimtar t\u00eb p\u00ebrshtatet n\u00eb m\u00ebnyr\u00eb t\u00eb p\u00ebrsosur n\u00eb mjedisin e tij. Ne jemi t\u00eb p\u00ebrkushtuar p\u00ebr t\u00eb eliminuar \u00e7do problem me dimensionet, duke ofruar zgjidhje me porosi q\u00eb plot\u00ebsojn\u00eb k\u00ebrkesat tuaja. <\/p>\t\t\t\t\t\t\t\t<\/div>\n\t\t\t\t<\/div>\n\t\t\t\t\t<\/div>\n\t\t<\/div>\n\t\t\t\t\t<\/div>\n\t\t<\/section>\n\t\t\t\t<section class=\"elementor-section-with-custom-width elementor-section elementor-top-section elementor-element elementor-element-5b50d0a elementor-section-boxed elementor-section-height-default elementor-section-height-default sc_fly_static\" data-id=\"5b50d0a\" data-element_type=\"section\">\n\t\t\t\t\t\t<div class=\"elementor-container elementor-column-gap-default\">\n\t\t\t\t\t<div class=\"elementor-column elementor-col-66 elementor-top-column elementor-element elementor-element-98a007d sc_content_align_inherit sc_layouts_column_icons_position_left sc_fly_static\" data-id=\"98a007d\" data-element_type=\"column\">\n\t\t\t<div class=\"elementor-widget-wrap elementor-element-populated\">\n\t\t\t\t\t\t<div class=\"elementor-element elementor-element-c000286 sc_fly_static elementor-widget elementor-widget-heading\" data-id=\"c000286\" data-element_type=\"widget\" data-widget_type=\"heading.default\">\n\t\t\t\t<div class=\"elementor-widget-container\">\n\t\t\t\t\t<h2 class=\"elementor-heading-title elementor-size-default\">Prodhim<\/h2>\t\t\t\t<\/div>\n\t\t\t\t<\/div>\n\t\t\t\t<div class=\"elementor-element elementor-element-03dbba4 sc_fly_static elementor-widget elementor-widget-text-editor\" data-id=\"03dbba4\" data-element_type=\"widget\" data-widget_type=\"text-editor.default\">\n\t\t\t\t<div class=\"elementor-widget-container\">\n\t\t\t\t\t\t\t\t\t<p>Pas planifikimit t\u00eb kujdessh\u00ebm dhe specifikimeve t\u00eb sakta, artizan\u00ebt tan\u00eb t\u00eb aft\u00eb fillojn\u00eb prodhimin e porosis\u00eb tuaj. Ne kombinojm\u00eb mjesht\u00ebrin\u00eb e vjet\u00ebr me teknologjin\u00eb moderne, duke krijuar pjes\u00eb t\u00eb bukura dhe t\u00eb q\u00ebndrueshme.<\/p>\t\t\t\t\t\t\t\t<\/div>\n\t\t\t\t<\/div>\n\t\t\t\t\t<\/div>\n\t\t<\/div>\n\t\t\t\t<div class=\"elementor-column elementor-col-33 elementor-top-column elementor-element elementor-element-1e54ce4 sc_content_align_inherit sc_layouts_column_icons_position_left sc_fly_static\" data-id=\"1e54ce4\" data-element_type=\"column\">\n\t\t\t<div class=\"elementor-widget-wrap elementor-element-populated\">\n\t\t\t\t\t\t<div class=\"elementor-element elementor-element-5800f23 sc_fly_static elementor-widget elementor-widget-image\" data-id=\"5800f23\" data-element_type=\"widget\" data-widget_type=\"image.default\">\n\t\t\t\t<div class=\"elementor-widget-container\">\n\t\t\t\t\t\t\t\t\t\t\t\t\t\t\t<img decoding=\"async\" width=\"1024\" height=\"719\" src=\"https:\/\/kristimermer.com\/wp-content\/uploads\/2025\/04\/17471-1024x719.jpg\" class=\"attachment-large size-large wp-image-37746\" alt=\"\" srcset=\"https:\/\/kristimermer.com\/wp-content\/uploads\/2025\/04\/17471-1024x719.jpg 1024w, https:\/\/kristimermer.com\/wp-content\/uploads\/2025\/04\/17471-300x211.jpg 300w, https:\/\/kristimermer.com\/wp-content\/uploads\/2025\/04\/17471-768x539.jpg 768w, https:\/\/kristimermer.com\/wp-content\/uploads\/2025\/04\/17471-1536x1078.jpg 1536w, https:\/\/kristimermer.com\/wp-content\/uploads\/2025\/04\/17471-370x260.jpg 370w, https:\/\/kristimermer.com\/wp-content\/uploads\/2025\/04\/17471-840x590.jpg 840w, https:\/\/kristimermer.com\/wp-content\/uploads\/2025\/04\/17471-410x288.jpg 410w, https:\/\/kristimermer.com\/wp-content\/uploads\/2025\/04\/17471.jpg 2000w\" sizes=\"(max-width: 1024px) 100vw, 1024px\" \/>\t\t\t\t\t\t\t\t\t\t\t\t\t\t\t<\/div>\n\t\t\t\t<\/div>\n\t\t\t\t\t<\/div>\n\t\t<\/div>\n\t\t\t\t\t<\/div>\n\t\t<\/section>\n\t\t\t\t<section class=\"elementor-section-with-custom-width elementor-section elementor-top-section elementor-element elementor-element-6a02de4 elementor-section-boxed elementor-section-height-default elementor-section-height-default sc_fly_static\" data-id=\"6a02de4\" data-element_type=\"section\">\n\t\t\t\t\t\t<div class=\"elementor-container elementor-column-gap-default\">\n\t\t\t\t\t<div class=\"elementor-column elementor-col-33 elementor-top-column elementor-element elementor-element-1ee6e87 sc_content_align_inherit sc_layouts_column_icons_position_left sc_fly_static\" data-id=\"1ee6e87\" data-element_type=\"column\">\n\t\t\t<div class=\"elementor-widget-wrap elementor-element-populated\">\n\t\t\t\t\t\t<div class=\"elementor-element elementor-element-05e45ce sc_fly_static elementor-widget elementor-widget-image\" data-id=\"05e45ce\" data-element_type=\"widget\" data-widget_type=\"image.default\">\n\t\t\t\t<div class=\"elementor-widget-container\">\n\t\t\t\t\t\t\t\t\t\t\t\t\t\t\t<img loading=\"lazy\" decoding=\"async\" width=\"1024\" height=\"719\" src=\"https:\/\/kristimermer.com\/wp-content\/uploads\/2025\/04\/17472-1024x719.jpg\" class=\"attachment-large size-large wp-image-37747\" alt=\"\" srcset=\"https:\/\/kristimermer.com\/wp-content\/uploads\/2025\/04\/17472-1024x719.jpg 1024w, https:\/\/kristimermer.com\/wp-content\/uploads\/2025\/04\/17472-300x211.jpg 300w, https:\/\/kristimermer.com\/wp-content\/uploads\/2025\/04\/17472-768x539.jpg 768w, https:\/\/kristimermer.com\/wp-content\/uploads\/2025\/04\/17472-1536x1078.jpg 1536w, https:\/\/kristimermer.com\/wp-content\/uploads\/2025\/04\/17472-370x260.jpg 370w, https:\/\/kristimermer.com\/wp-content\/uploads\/2025\/04\/17472-840x590.jpg 840w, https:\/\/kristimermer.com\/wp-content\/uploads\/2025\/04\/17472-410x288.jpg 410w, https:\/\/kristimermer.com\/wp-content\/uploads\/2025\/04\/17472.jpg 2000w\" sizes=\"(max-width: 1024px) 100vw, 1024px\" \/>\t\t\t\t\t\t\t\t\t\t\t\t\t\t\t<\/div>\n\t\t\t\t<\/div>\n\t\t\t\t\t<\/div>\n\t\t<\/div>\n\t\t\t\t<div class=\"elementor-column elementor-col-66 elementor-top-column elementor-element elementor-element-01446c3 sc_content_align_inherit sc_layouts_column_icons_position_left sc_fly_static\" data-id=\"01446c3\" data-element_type=\"column\">\n\t\t\t<div class=\"elementor-widget-wrap elementor-element-populated\">\n\t\t\t\t\t\t<div class=\"elementor-element elementor-element-617cf6a sc_fly_static elementor-widget elementor-widget-heading\" data-id=\"617cf6a\" data-element_type=\"widget\" data-widget_type=\"heading.default\">\n\t\t\t\t<div class=\"elementor-widget-container\">\n\t\t\t\t\t<h2 class=\"elementor-heading-title elementor-size-default\">Instalim Profesional<\/h2>\t\t\t\t<\/div>\n\t\t\t\t<\/div>\n\t\t\t\t<div class=\"elementor-element elementor-element-8605de2 sc_fly_static elementor-widget elementor-widget-text-editor\" data-id=\"8605de2\" data-element_type=\"widget\" data-widget_type=\"text-editor.default\">\n\t\t\t\t<div class=\"elementor-widget-container\">\n\t\t\t\t\t\t\t\t\t<p>N\u00ebse \u00ebsht\u00eb e nevojshme, ne ofrojm\u00eb sh\u00ebrbime t\u00eb ekspert\u00ebve t\u00eb instalimit, duke siguruar q\u00eb pjes\u00ebt tuaja t\u00eb gurit t\u00eb vendosen me sakt\u00ebsin\u00eb dhe kujdesin maksimal. Ekipi yn\u00eb ofron nj\u00eb instalim t\u00eb p\u00ebrsosur, duke transformuar hap\u00ebsir\u00ebn tuaj me sofistikimin dhe eleganc\u00ebn q\u00eb meritoni. <\/p>\t\t\t\t\t\t\t\t<\/div>\n\t\t\t\t<\/div>\n\t\t\t\t\t<\/div>\n\t\t<\/div>\n\t\t\t\t\t<\/div>\n\t\t<\/section>\n\t\t\t\t<section class=\"elementor-section-with-custom-width elementor-section elementor-top-section elementor-element elementor-element-c7944c7 elementor-section-boxed elementor-section-height-default elementor-section-height-default sc_fly_static\" data-id=\"c7944c7\" data-element_type=\"section\">\n\t\t\t\t\t\t<div class=\"elementor-container elementor-column-gap-default\">\n\t\t\t\t\t<div class=\"elementor-column elementor-col-100 elementor-top-column elementor-element elementor-element-f5bc1c0 sc_content_align_inherit sc_layouts_column_icons_position_left sc_fly_static\" data-id=\"f5bc1c0\" data-element_type=\"column\">\n\t\t\t<div class=\"elementor-widget-wrap\">\n\t\t\t\t\t\t\t<\/div>\n\t\t<\/div>\n\t\t\t\t\t<\/div>\n\t\t<\/section>\n\t\t\t\t<section class=\"elementor-section elementor-top-section elementor-element elementor-element-0e27123 elementor-section-boxed elementor-section-height-default elementor-section-height-default sc_fly_static\" data-id=\"0e27123\" data-element_type=\"section\">\n\t\t\t\t\t\t<div class=\"elementor-container elementor-column-gap-extended\">\n\t\t\t\t\t<div class=\"elementor-column elementor-col-100 elementor-top-column elementor-element elementor-element-cb3a026 sc_content_align_inherit sc_layouts_column_icons_position_left sc_fly_static\" data-id=\"cb3a026\" data-element_type=\"column\">\n\t\t\t<div class=\"elementor-widget-wrap elementor-element-populated\">\n\t\t\t\t\t\t<div class=\"elementor-element elementor-element-6218d0e elementor-widget-divider--view-line sc_fly_static elementor-widget elementor-widget-divider\" data-id=\"6218d0e\" data-element_type=\"widget\" data-widget_type=\"divider.default\">\n\t\t\t\t<div class=\"elementor-widget-container\">\n\t\t\t\t\t\t\t<div class=\"elementor-divider\">\n\t\t\t<span class=\"elementor-divider-separator\">\n\t\t\t\t\t\t<\/span>\n\t\t<\/div>\n\t\t\t\t\t\t<\/div>\n\t\t\t\t<\/div>\n\t\t\t\t\t<\/div>\n\t\t<\/div>\n\t\t\t\t\t<\/div>\n\t\t<\/section>\n\t\t\t\t<section class=\"elementor-section elementor-top-section elementor-element elementor-element-a222432 elementor-section-boxed elementor-section-height-default elementor-section-height-default sc_fly_static\" data-id=\"a222432\" data-element_type=\"section\">\n\t\t\t\t\t\t<div class=\"elementor-container elementor-column-gap-extended\">\n\t\t\t\t\t<div class=\"elementor-column elementor-col-100 elementor-top-column elementor-element elementor-element-5604ec7 sc_content_align_inherit sc_layouts_column_icons_position_left sc_fly_static\" data-id=\"5604ec7\" data-element_type=\"column\">\n\t\t\t<div class=\"elementor-widget-wrap elementor-element-populated\">\n\t\t\t\t\t\t<div class=\"elementor-element elementor-element-a78d87a sc_fly_static elementor-widget elementor-widget-text-editor\" data-id=\"a78d87a\" data-element_type=\"widget\" data-widget_type=\"text-editor.default\">\n\t\t\t\t<div class=\"elementor-widget-container\">\n\t\t\t\t\t\t\t\t\t<p>Gjat\u00eb gjith\u00eb procesit, ne i japim p\u00ebrpar\u00ebsi konsultimit, cil\u00ebsis\u00eb dhe profesionalizmit, duke u siguruar q\u00eb \u00e7do detaj t\u00eb p\u00ebrmbush\u00eb pritshm\u00ebrit\u00eb tuaja. N\u00eb Kristi Mermer, ne krenohemi p\u00ebr ofrimin e sh\u00ebrbimeve dhe produkteve t\u00eb jasht\u00ebzakonshme, duke e kthyer vizionin tuaj n\u00eb realitet me ekspertiz\u00ebn q\u00eb mund t&#8217;i besoni. <\/p>\t\t\t\t\t\t\t\t<\/div>\n\t\t\t\t<\/div>\n\t\t\t\t\t<\/div>\n\t\t<\/div>\n\t\t\t\t\t<\/div>\n\t\t<\/section>\n\t\t\t\t<\/div>\n\t\t","protected":false},"excerpt":{"rendered":"<p>Sh\u00ebrbimet tona N\u00eb Kristi Mermer, ne ofrojm\u00eb nj\u00eb p\u00ebrvoj\u00eb t\u00eb plot\u00eb sh\u00ebrbimi p\u00ebr klient\u00ebt tan\u00eb, duke siguruar nj\u00eb udh\u00ebtim pa probleme nga k\u00ebrkimi n\u00eb instalim. Ja \u00e7far\u00eb mund t\u00eb prisni&hellip;<\/p>\n","protected":false},"author":1,"featured_media":0,"parent":0,"menu_order":0,"comment_status":"closed","ping_status":"closed","template":"","meta":{"footnotes":""},"class_list":["post-38585","page","type-page","status-publish","hentry"],"_links":{"self":[{"href":"https:\/\/kristimermer.com\/sq\/wp-json\/wp\/v2\/pages\/38585","targetHints":{"allow":["GET"]}}],"collection":[{"href":"https:\/\/kristimermer.com\/sq\/wp-json\/wp\/v2\/pages"}],"about":[{"href":"https:\/\/kristimermer.com\/sq\/wp-json\/wp\/v2\/types\/page"}],"author":[{"embeddable":true,"href":"https:\/\/kristimermer.com\/sq\/wp-json\/wp\/v2\/users\/1"}],"replies":[{"embeddable":true,"href":"https:\/\/kristimermer.com\/sq\/wp-json\/wp\/v2\/comments?post=38585"}],"version-history":[{"count":8,"href":"https:\/\/kristimermer.com\/sq\/wp-json\/wp\/v2\/pages\/38585\/revisions"}],"predecessor-version":[{"id":38709,"href":"https:\/\/kristimermer.com\/sq\/wp-json\/wp\/v2\/pages\/38585\/revisions\/38709"}],"wp:attachment":[{"href":"https:\/\/kristimermer.com\/sq\/wp-json\/wp\/v2\/media?parent=38585"}],"curies":[{"name":"wp","href":"https:\/\/api.w.org\/{rel}","templated":true}]}}