{"id":38606,"date":"2025-04-20T11:30:54","date_gmt":"2025-04-20T11:30:54","guid":{"rendered":"https:\/\/kristimermer.com\/produktet\/travertin\/"},"modified":"2025-04-22T15:01:46","modified_gmt":"2025-04-22T15:01:46","slug":"travertin","status":"publish","type":"page","link":"https:\/\/kristimermer.com\/sq\/produktet\/travertin\/","title":{"rendered":"Travertin"},"content":{"rendered":"\t\t<div data-elementor-type=\"wp-page\" data-elementor-id=\"38606\" class=\"elementor elementor-38606 elementor-37652\" data-elementor-post-type=\"page\">\n\t\t\t\t\t\t<section class=\"elementor-section elementor-top-section elementor-element elementor-element-9997748 elementor-section-boxed elementor-section-height-default elementor-section-height-default sc_fly_static\" data-id=\"9997748\" data-element_type=\"section\">\n\t\t\t\t\t\t<div class=\"elementor-container elementor-column-gap-extended\">\n\t\t\t\t\t<div class=\"elementor-column elementor-col-100 elementor-top-column elementor-element elementor-element-b6d435a sc_content_align_inherit sc_layouts_column_icons_position_left sc_fly_static\" data-id=\"b6d435a\" data-element_type=\"column\">\n\t\t\t<div class=\"elementor-widget-wrap elementor-element-populated\">\n\t\t\t\t\t\t<div class=\"elementor-element elementor-element-3f7e0f33 sc_fly_static elementor-widget elementor-widget-trx_sc_title\" data-id=\"3f7e0f33\" data-element_type=\"widget\" data-widget_type=\"trx_sc_title.default\">\n\t\t\t\t<div class=\"elementor-widget-container\">\n\t\t\t\t\t<div\t\tclass=\"sc_title sc_title_default\" ><h1 class=\"sc_item_title sc_title_title sc_align_center sc_item_title_style_default sc_item_title_tag\"\n\t\t\t><span class=\"sc_item_title_text\">Zbuloni p\u00ebrzgjedhjen ton\u00eb t\u00eb travertinit<\/span><\/h1><div class=\"sc_item_descr sc_title_descr sc_align_center\"><p>Cil\u00ebsi natyrale, tone t\u00eb ngrohta dhe t\u00ebrheqje e p\u00ebrjetshme \u2014 Travertini i Kristi Mermer sjell bukuri fshatare dhe stil t\u00eb rafinuar n\u00eb \u00e7do hap\u00ebsir\u00eb.<\/p>\n<\/div><\/div>\t\t\t\t<\/div>\n\t\t\t\t<\/div>\n\t\t\t\t\t<\/div>\n\t\t<\/div>\n\t\t\t\t\t<\/div>\n\t\t<\/section>\n\t\t\t\t<section class=\"elementor-section elementor-top-section elementor-element elementor-element-2a39c1c elementor-section-boxed elementor-section-height-default elementor-section-height-default sc_fly_static\" data-id=\"2a39c1c\" data-element_type=\"section\">\n\t\t\t\t\t\t<div class=\"elementor-container elementor-column-gap-extended\">\n\t\t\t\t\t<div class=\"elementor-column elementor-col-50 elementor-top-column elementor-element elementor-element-cc67551 sc_content_align_inherit sc_layouts_column_icons_position_left sc_fly_static\" data-id=\"cc67551\" data-element_type=\"column\">\n\t\t\t<div class=\"elementor-widget-wrap elementor-element-populated\">\n\t\t\t\t\t\t<div class=\"elementor-element elementor-element-d4f2797 sc_fly_static elementor-widget elementor-widget-theme-post-featured-image elementor-widget-image\" data-id=\"d4f2797\" data-element_type=\"widget\" data-widget_type=\"theme-post-featured-image.default\">\n\t\t\t\t<div class=\"elementor-widget-container\">\n\t\t\t\t\t\t\t\t\t\t\t\t<figure class=\"wp-caption\">\n\t\t\t\t\t\t\t\t\t\t<img decoding=\"async\" src=\"https:\/\/kristimermer.com\/wp-content\/uploads\/elementor\/thumbs\/beige-travertine-r4mss5jeh7g44qtrj2phvlkmdneshbsb5up4iiow5k.png\" title=\"beige-travertine\" alt=\"beige-travertine\" loading=\"lazy\" \/>\t\t\t\t\t\t\t\t\t\t\t<figcaption class=\"widget-image-caption wp-caption-text\">Beige Travertine<\/figcaption>\n\t\t\t\t\t\t\t\t\t\t<\/figure>\n\t\t\t\t\t\t\t\t\t<\/div>\n\t\t\t\t<\/div>\n\t\t\t\t\t<\/div>\n\t\t<\/div>\n\t\t\t\t<div class=\"elementor-column elementor-col-50 elementor-top-column elementor-element elementor-element-45800e4 sc_content_align_inherit sc_layouts_column_icons_position_left sc_fly_static\" data-id=\"45800e4\" data-element_type=\"column\">\n\t\t\t<div class=\"elementor-widget-wrap elementor-element-populated\">\n\t\t\t\t\t\t<div class=\"elementor-element elementor-element-875a9c3 sc_fly_static elementor-widget elementor-widget-theme-post-featured-image elementor-widget-image\" data-id=\"875a9c3\" data-element_type=\"widget\" data-widget_type=\"theme-post-featured-image.default\">\n\t\t\t\t<div class=\"elementor-widget-container\">\n\t\t\t\t\t\t\t\t\t\t\t\t<figure class=\"wp-caption\">\n\t\t\t\t\t\t\t\t\t\t<img decoding=\"async\" src=\"https:\/\/kristimermer.com\/wp-content\/uploads\/elementor\/thumbs\/red-travertine-r4msu4z4wm5wn3xzxxl553jnixmoqbnwroa0zjqz0o.png\" title=\"red-travertine\" alt=\"red-travertine\" loading=\"lazy\" \/>\t\t\t\t\t\t\t\t\t\t\t<figcaption class=\"widget-image-caption wp-caption-text\">Red Travertine<\/figcaption>\n\t\t\t\t\t\t\t\t\t\t<\/figure>\n\t\t\t\t\t\t\t\t\t<\/div>\n\t\t\t\t<\/div>\n\t\t\t\t\t<\/div>\n\t\t<\/div>\n\t\t\t\t\t<\/div>\n\t\t<\/section>\n\t\t\t\t<\/div>\n\t\t","protected":false},"excerpt":{"rendered":"<p>Zbuloni p\u00ebrzgjedhjen ton\u00eb t\u00eb travertinit Cil\u00ebsi natyrale, tone t\u00eb ngrohta dhe t\u00ebrheqje e p\u00ebrjetshme \u2014 Travertini i Kristi Mermer sjell bukuri fshatare dhe stil t\u00eb rafinuar n\u00eb \u00e7do hap\u00ebsir\u00eb.<\/p>\n","protected":false},"author":1,"featured_media":0,"parent":38581,"menu_order":0,"comment_status":"closed","ping_status":"closed","template":"","meta":{"footnotes":""},"class_list":["post-38606","page","type-page","status-publish","hentry"],"_links":{"self":[{"href":"https:\/\/kristimermer.com\/sq\/wp-json\/wp\/v2\/pages\/38606","targetHints":{"allow":["GET"]}}],"collection":[{"href":"https:\/\/kristimermer.com\/sq\/wp-json\/wp\/v2\/pages"}],"about":[{"href":"https:\/\/kristimermer.com\/sq\/wp-json\/wp\/v2\/types\/page"}],"author":[{"embeddable":true,"href":"https:\/\/kristimermer.com\/sq\/wp-json\/wp\/v2\/users\/1"}],"replies":[{"embeddable":true,"href":"https:\/\/kristimermer.com\/sq\/wp-json\/wp\/v2\/comments?post=38606"}],"version-history":[{"count":2,"href":"https:\/\/kristimermer.com\/sq\/wp-json\/wp\/v2\/pages\/38606\/revisions"}],"predecessor-version":[{"id":38610,"href":"https:\/\/kristimermer.com\/sq\/wp-json\/wp\/v2\/pages\/38606\/revisions\/38610"}],"up":[{"embeddable":true,"href":"https:\/\/kristimermer.com\/sq\/wp-json\/wp\/v2\/pages\/38581"}],"wp:attachment":[{"href":"https:\/\/kristimermer.com\/sq\/wp-json\/wp\/v2\/media?parent=38606"}],"curies":[{"name":"wp","href":"https:\/\/api.w.org\/{rel}","templated":true}]}}